{"id":9620,"date":"2023-04-25T06:31:03","date_gmt":"2023-04-25T06:31:03","guid":{"rendered":"https:\/\/vurtsid.ee\/?post_type=product&#038;p=9620"},"modified":"2026-03-03T12:52:18","modified_gmt":"2026-03-03T12:52:18","slug":"supi-room-150g","status":"publish","type":"product","link":"https:\/\/vurtsid.ee\/en\/product\/supi-room-150g\/","title":{"rendered":"Supi r\u00f5\u00f5m 150g"},"content":{"rendered":"","protected":false},"excerpt":{"rendered":"<div class=\"short-description\">Segu on m\u00f5eldud suppide, puljongi, pajaroogade ja kastmete maitsestamiseks. Segu koosneb erinevatest k\u00f6\u00f6gi-ja aedviljadest, millele on juurde lisatud erinevaid \u00fcrte.<\/div>\n<div class=\"short-description\">Koostisosad: porgand, pastinaak, roheline paprika, punane paprika, k\u00fc\u00fcslauk, petersell, meresool, sibul, tomat, kurkum, till, pune, seller, suhkur, must pipar, jahvatatud koriander, basiilik, t\u00fc\u00fcmian, cayenne<\/div>","protected":false},"featured_media":0,"template":"","meta":{"_monsterinsights_skip_tracking":false,"_monsterinsights_sitenote_active":false,"_monsterinsights_sitenote_note":"","_monsterinsights_sitenote_category":0,"_uf_show_specific_survey":0,"_uf_disable_surveys":false},"product_brand":[],"product_cat":[86,96],"product_tag":[],"class_list":{"0":"post-9620","1":"product","2":"type-product","3":"status-publish","5":"product_cat-maitseainesegud","6":"product_cat-supid","8":"first","9":"instock","10":"taxable","11":"shipping-taxable","12":"purchasable","13":"product-type-simple"},"aioseo_notices":[],"_links":{"self":[{"href":"https:\/\/vurtsid.ee\/en\/wp-json\/wp\/v2\/product\/9620","targetHints":{"allow":["GET"]}}],"collection":[{"href":"https:\/\/vurtsid.ee\/en\/wp-json\/wp\/v2\/product"}],"about":[{"href":"https:\/\/vurtsid.ee\/en\/wp-json\/wp\/v2\/types\/product"}],"version-history":[{"count":1,"href":"https:\/\/vurtsid.ee\/en\/wp-json\/wp\/v2\/product\/9620\/revisions"}],"predecessor-version":[{"id":29022,"href":"https:\/\/vurtsid.ee\/en\/wp-json\/wp\/v2\/product\/9620\/revisions\/29022"}],"wp:attachment":[{"href":"https:\/\/vurtsid.ee\/en\/wp-json\/wp\/v2\/media?parent=9620"}],"wp:term":[{"taxonomy":"product_brand","embeddable":true,"href":"https:\/\/vurtsid.ee\/en\/wp-json\/wp\/v2\/product_brand?post=9620"},{"taxonomy":"product_cat","embeddable":true,"href":"https:\/\/vurtsid.ee\/en\/wp-json\/wp\/v2\/product_cat?post=9620"},{"taxonomy":"product_tag","embeddable":true,"href":"https:\/\/vurtsid.ee\/en\/wp-json\/wp\/v2\/product_tag?post=9620"}],"curies":[{"name":"wp","href":"https:\/\/api.w.org\/{rel}","templated":true}]}}