{"id":9622,"date":"2023-04-25T06:31:03","date_gmt":"2023-04-25T06:31:03","guid":{"rendered":"https:\/\/vurtsid.ee\/?post_type=product&#038;p=9622"},"modified":"2026-03-09T16:54:23","modified_gmt":"2026-03-09T16:54:23","slug":"khmeli-suneli-40g","status":"publish","type":"product","link":"https:\/\/vurtsid.ee\/en\/product\/khmeli-suneli-40g\/","title":{"rendered":"Khmeli Suneli 40g"},"content":{"rendered":"<p>&nbsp;<\/p>\n<p><!--WPRM Recipe 16013--><\/p>\n<div class=\"wprm-fallback-recipe\">\n<h2 class=\"wprm-fallback-recipe-name\">Gruusia stiilis kana Khmeli Suneliga<\/h2>\n<p>Khmeli Suneli on traditsiooniline Gruusia v\u00fcrtsisegu, mis on tuntud oma rikkaliku maitse ja aroomi poolest.<\/p>\n<div class=\"wprm-fallback-recipe-equipment\"><\/div>\n<div class=\"wprm-fallback-recipe-ingredients\"><\/div>\n<div class=\"wprm-fallback-recipe-instructions\"><\/div>\n<div class=\"wprm-fallback-recipe-notes\">\n<p><strong>Koostisosad:<\/strong><\/p>\n<ul>\n<li>500g kanafileed, l\u00f5igatud t\u00fckkideks<\/li>\n<li>2 sibulat, hakitud<\/li>\n<li>3 k\u00fc\u00fcslauguk\u00fc\u00fcnt, hakitud<\/li>\n<li>2 tomatit, t\u00fckeldatud<\/li>\n<li>2 spl Khmeli Suneli v\u00fcrtsisegu<\/li>\n<li>1 spl oliivi\u00f5li<\/li>\n<li>Soola ja pipart maitse j\u00e4rgi<\/li>\n<li>V\u00e4rske koriandri- v\u00f5i petersellilehed serveerimiseks<\/li>\n<\/ul>\n<p><strong>Valmistamine:<\/strong><\/p>\n<ol>\n<li>Kuumuta oliivi\u00f5li suurel pannil keskmisel kuumusel. Lisa hakitud sibul ja k\u00fc\u00fcslauk ning prae neid paar minutit, kuni need muutuvad pehmeks ja aromaatseks.<\/li>\n<li>Lisa t\u00fckeldatud tomatid pannile ja keeda neid veel umbes 5 minutit, kuni need muutuvad pehmeks.<\/li>\n<li>Lisa kanat\u00fckid pannile ja prae neid m\u00f5ni minut, kuni need on k\u00f5ikidest k\u00fclgedest pruunistunud.<\/li>\n<li>Puista peale Khmeli Suneli v\u00fcrtsisegu ning sega k\u00f5ik koostisosad p\u00f5hjalikult l\u00e4bi, tagades, et kana oleks kaetud v\u00fcrtsidega \u00fchtlaselt.<\/li>\n<li>Maitsesta soola ja pipraga vastavalt oma maitsele.<\/li>\n<li>Kata pann kaanega ja lase kanal madalal kuumusel podiseda umbes 20-25 minutit v\u00f5i kuni kana on t\u00e4ielikult k\u00fcpsenud ja mahlane.<\/li>\n<li>Serveeri Gruusia stiilis kana Khmeli Suneliga koos v\u00e4rskete koriandri- v\u00f5i petersellilehtedega ning sobib h\u00e4sti serveerida koos riisi v\u00f5i kartulipudruga.<\/li>\n<\/ol>\n<p>Bon App\u00e9tit!<\/p>\n<\/div>\n<div class=\"wprm-fallback-recipe-meta\">\n<div class=\"wprm-fallback-recipe-meta-course\">Kana<\/div>\n<div class=\"wprm-fallback-recipe-meta-cuisine\">Gruusia<\/div>\n<\/div>\n<\/div>\n<p><!--End WPRM Recipe--><\/p>","protected":false},"excerpt":{"rendered":"<p>See maitseainesegu on p\u00e4rit m\u00e4gisest Gruusiast. Khmeli-Suneli, kasutatakse hautistes ja lihatoitudes ja r\u00f6stitud k\u00f6\u00f6giviljades<\/p>\n<p>Koostisosad: korjander, porru, till, petersell, loorber, lambal\u00e4\u00e4ts, pune, basiilik, apteegitill, k\u00f6\u00f6men, kurkum, t\u0161illi.<\/p>","protected":false},"featured_media":29488,"template":"","meta":{"_monsterinsights_skip_tracking":false,"_monsterinsights_sitenote_active":false,"_monsterinsights_sitenote_note":"","_monsterinsights_sitenote_category":0,"_uf_show_specific_survey":0,"_uf_disable_surveys":false},"product_brand":[],"product_cat":[99,100],"product_tag":[],"class_list":{"0":"post-9622","1":"product","2":"type-product","3":"status-publish","4":"has-post-thumbnail","6":"product_cat-gruusia","7":"product_cat-taimetoidud","9":"first","10":"instock","11":"taxable","12":"shipping-taxable","13":"purchasable","14":"product-type-simple"},"aioseo_notices":[],"_links":{"self":[{"href":"https:\/\/vurtsid.ee\/en\/wp-json\/wp\/v2\/product\/9622","targetHints":{"allow":["GET"]}}],"collection":[{"href":"https:\/\/vurtsid.ee\/en\/wp-json\/wp\/v2\/product"}],"about":[{"href":"https:\/\/vurtsid.ee\/en\/wp-json\/wp\/v2\/types\/product"}],"version-history":[{"count":2,"href":"https:\/\/vurtsid.ee\/en\/wp-json\/wp\/v2\/product\/9622\/revisions"}],"predecessor-version":[{"id":29604,"href":"https:\/\/vurtsid.ee\/en\/wp-json\/wp\/v2\/product\/9622\/revisions\/29604"}],"wp:featuredmedia":[{"embeddable":true,"href":"https:\/\/vurtsid.ee\/en\/wp-json\/wp\/v2\/media\/29488"}],"wp:attachment":[{"href":"https:\/\/vurtsid.ee\/en\/wp-json\/wp\/v2\/media?parent=9622"}],"wp:term":[{"taxonomy":"product_brand","embeddable":true,"href":"https:\/\/vurtsid.ee\/en\/wp-json\/wp\/v2\/product_brand?post=9622"},{"taxonomy":"product_cat","embeddable":true,"href":"https:\/\/vurtsid.ee\/en\/wp-json\/wp\/v2\/product_cat?post=9622"},{"taxonomy":"product_tag","embeddable":true,"href":"https:\/\/vurtsid.ee\/en\/wp-json\/wp\/v2\/product_tag?post=9622"}],"curies":[{"name":"wp","href":"https:\/\/api.w.org\/{rel}","templated":true}]}}