{"id":9623,"date":"2023-04-25T06:31:03","date_gmt":"2023-04-25T06:31:03","guid":{"rendered":"https:\/\/vurtsid.ee\/?post_type=product&#038;p=9623"},"modified":"2026-03-12T19:57:33","modified_gmt":"2026-03-12T19:57:33","slug":"kilurohi-50g","status":"publish","type":"product","link":"https:\/\/vurtsid.ee\/en\/product\/kilurohi-50g\/","title":{"rendered":"Kilurohi 50g"},"content":{"rendered":"","protected":false},"excerpt":{"rendered":"<div class=\"short-description\">Kilurohi on loodud eelk\u00f5ige neile toidugurmaanidele, kes soovivad ise valmistada h\u00f5rke ja rikkalike maitsen\u00fcansidega v\u00fcrtsikilusid.<\/div>\n<div class=\"short-description\">Koostisosad: must pipar, v\u00fcrtspipar, nelk, muskaatp\u00e4hkel, kaneel, ingver, koriander, kardemon<\/div>","protected":false},"featured_media":29484,"template":"","meta":{"_monsterinsights_skip_tracking":false,"_monsterinsights_sitenote_active":false,"_monsterinsights_sitenote_note":"","_monsterinsights_sitenote_category":0,"_uf_show_specific_survey":0,"_uf_disable_surveys":false},"product_brand":[],"product_cat":[101],"product_tag":[],"class_list":{"0":"post-9623","1":"product","2":"type-product","3":"status-publish","4":"has-post-thumbnail","6":"product_cat-kalale","8":"first","9":"instock","10":"sale","11":"taxable","12":"shipping-taxable","13":"purchasable","14":"product-type-simple"},"aioseo_notices":[],"_links":{"self":[{"href":"https:\/\/vurtsid.ee\/en\/wp-json\/wp\/v2\/product\/9623","targetHints":{"allow":["GET"]}}],"collection":[{"href":"https:\/\/vurtsid.ee\/en\/wp-json\/wp\/v2\/product"}],"about":[{"href":"https:\/\/vurtsid.ee\/en\/wp-json\/wp\/v2\/types\/product"}],"version-history":[{"count":4,"href":"https:\/\/vurtsid.ee\/en\/wp-json\/wp\/v2\/product\/9623\/revisions"}],"predecessor-version":[{"id":29833,"href":"https:\/\/vurtsid.ee\/en\/wp-json\/wp\/v2\/product\/9623\/revisions\/29833"}],"wp:featuredmedia":[{"embeddable":true,"href":"https:\/\/vurtsid.ee\/en\/wp-json\/wp\/v2\/media\/29484"}],"wp:attachment":[{"href":"https:\/\/vurtsid.ee\/en\/wp-json\/wp\/v2\/media?parent=9623"}],"wp:term":[{"taxonomy":"product_brand","embeddable":true,"href":"https:\/\/vurtsid.ee\/en\/wp-json\/wp\/v2\/product_brand?post=9623"},{"taxonomy":"product_cat","embeddable":true,"href":"https:\/\/vurtsid.ee\/en\/wp-json\/wp\/v2\/product_cat?post=9623"},{"taxonomy":"product_tag","embeddable":true,"href":"https:\/\/vurtsid.ee\/en\/wp-json\/wp\/v2\/product_tag?post=9623"}],"curies":[{"name":"wp","href":"https:\/\/api.w.org\/{rel}","templated":true}]}}