{"id":9627,"date":"2023-04-25T06:31:03","date_gmt":"2023-04-25T06:31:03","guid":{"rendered":"https:\/\/vurtsid.ee\/?post_type=product&#038;p=9627"},"modified":"2026-03-03T12:52:24","modified_gmt":"2026-03-03T12:52:24","slug":"maitseainesegu-pilaffile-50g-2","status":"publish","type":"product","link":"https:\/\/vurtsid.ee\/en\/product\/maitseainesegu-pilaffile-50g-2\/","title":{"rendered":"Maitseainesegu pilaffile 50g"},"content":{"rendered":"","protected":false},"excerpt":{"rendered":"<div class=\"short-description\">Segu, kus omavahel on segatud erinevad idamaised ja vahemere \u00e4\u00e4rsed maitseained annab pilaffile v\u00e4ga hea aroomi ja isu\u00e4ratava maitse.<\/div>\n<div class=\"short-description\">Koostisosad: v\u00fcrtsk\u00f6\u00f6mned, sibul, nelk, karri, koriander, k\u00fc\u00fcslauk, paprika, porgand, tomat, petersell, basiilik.<\/div>","protected":false},"featured_media":0,"template":"","meta":{"_monsterinsights_skip_tracking":false,"_monsterinsights_sitenote_active":false,"_monsterinsights_sitenote_note":"","_monsterinsights_sitenote_category":0,"_uf_show_specific_survey":0,"_uf_disable_surveys":false},"product_brand":[],"product_cat":[86,103],"product_tag":[],"class_list":{"0":"post-9627","1":"product","2":"type-product","3":"status-publish","5":"product_cat-maitseainesegud","6":"product_cat-riisitoidud","8":"first","9":"instock","10":"taxable","11":"shipping-taxable","12":"purchasable","13":"product-type-simple"},"aioseo_notices":[],"_links":{"self":[{"href":"https:\/\/vurtsid.ee\/en\/wp-json\/wp\/v2\/product\/9627","targetHints":{"allow":["GET"]}}],"collection":[{"href":"https:\/\/vurtsid.ee\/en\/wp-json\/wp\/v2\/product"}],"about":[{"href":"https:\/\/vurtsid.ee\/en\/wp-json\/wp\/v2\/types\/product"}],"version-history":[{"count":1,"href":"https:\/\/vurtsid.ee\/en\/wp-json\/wp\/v2\/product\/9627\/revisions"}],"predecessor-version":[{"id":29028,"href":"https:\/\/vurtsid.ee\/en\/wp-json\/wp\/v2\/product\/9627\/revisions\/29028"}],"wp:attachment":[{"href":"https:\/\/vurtsid.ee\/en\/wp-json\/wp\/v2\/media?parent=9627"}],"wp:term":[{"taxonomy":"product_brand","embeddable":true,"href":"https:\/\/vurtsid.ee\/en\/wp-json\/wp\/v2\/product_brand?post=9627"},{"taxonomy":"product_cat","embeddable":true,"href":"https:\/\/vurtsid.ee\/en\/wp-json\/wp\/v2\/product_cat?post=9627"},{"taxonomy":"product_tag","embeddable":true,"href":"https:\/\/vurtsid.ee\/en\/wp-json\/wp\/v2\/product_tag?post=9627"}],"curies":[{"name":"wp","href":"https:\/\/api.w.org\/{rel}","templated":true}]}}