{"id":9629,"date":"2023-04-25T06:31:03","date_gmt":"2023-04-25T06:31:03","guid":{"rendered":"https:\/\/vurtsid.ee\/?post_type=product&#038;p=9629"},"modified":"2026-03-22T12:39:13","modified_gmt":"2026-03-22T12:39:13","slug":"maitseainesegu-ulukilihale-45g","status":"publish","type":"product","link":"https:\/\/vurtsid.ee\/en\/product\/maitseainesegu-ulukilihale-45g\/","title":{"rendered":"Maitseainesegu ulukilihale 45g"},"content":{"rendered":"","protected":false},"excerpt":{"rendered":"<div class=\"short-description\">Peale \u00f5nnestunud jahilk\u00e4iku\u00a0aitab maitseainesegu valmistada saagist maitsva s\u00f6\u00f6gielamuse.<\/div>\n<div class=\"short-description\">Koostisosad: meresool, paprika, t\u00fc\u00fcmian, pune, k\u00fc\u00fcslauk, must pipar, sinepipulber, Cayenne`i pipar.<\/div>","protected":false},"featured_media":29481,"template":"","meta":{"_monsterinsights_skip_tracking":false,"_monsterinsights_sitenote_active":false,"_monsterinsights_sitenote_note":"","_monsterinsights_sitenote_category":0,"_uf_show_specific_survey":0,"_uf_disable_surveys":false},"product_brand":[],"product_cat":[104],"product_tag":[],"class_list":{"0":"post-9629","1":"product","2":"type-product","3":"status-publish","4":"has-post-thumbnail","6":"product_cat-lihatoidud","8":"first","9":"instock","10":"taxable","11":"shipping-taxable","12":"purchasable","13":"product-type-simple"},"aioseo_notices":[],"_links":{"self":[{"href":"https:\/\/vurtsid.ee\/en\/wp-json\/wp\/v2\/product\/9629","targetHints":{"allow":["GET"]}}],"collection":[{"href":"https:\/\/vurtsid.ee\/en\/wp-json\/wp\/v2\/product"}],"about":[{"href":"https:\/\/vurtsid.ee\/en\/wp-json\/wp\/v2\/types\/product"}],"version-history":[{"count":1,"href":"https:\/\/vurtsid.ee\/en\/wp-json\/wp\/v2\/product\/9629\/revisions"}],"predecessor-version":[{"id":29030,"href":"https:\/\/vurtsid.ee\/en\/wp-json\/wp\/v2\/product\/9629\/revisions\/29030"}],"wp:featuredmedia":[{"embeddable":true,"href":"https:\/\/vurtsid.ee\/en\/wp-json\/wp\/v2\/media\/29481"}],"wp:attachment":[{"href":"https:\/\/vurtsid.ee\/en\/wp-json\/wp\/v2\/media?parent=9629"}],"wp:term":[{"taxonomy":"product_brand","embeddable":true,"href":"https:\/\/vurtsid.ee\/en\/wp-json\/wp\/v2\/product_brand?post=9629"},{"taxonomy":"product_cat","embeddable":true,"href":"https:\/\/vurtsid.ee\/en\/wp-json\/wp\/v2\/product_cat?post=9629"},{"taxonomy":"product_tag","embeddable":true,"href":"https:\/\/vurtsid.ee\/en\/wp-json\/wp\/v2\/product_tag?post=9629"}],"curies":[{"name":"wp","href":"https:\/\/api.w.org\/{rel}","templated":true}]}}