{"id":9632,"date":"2023-04-25T06:31:04","date_gmt":"2023-04-25T06:31:04","guid":{"rendered":"https:\/\/vurtsid.ee\/?post_type=product&#038;p=9632"},"modified":"2026-03-22T13:19:47","modified_gmt":"2026-03-22T13:19:47","slug":"piparkoogi-maitseaine-50g","status":"publish","type":"product","link":"https:\/\/vurtsid.ee\/en\/product\/piparkoogi-maitseaine-50g\/","title":{"rendered":"Piparkoogimaitseaine 50g"},"content":{"rendered":"","protected":false},"excerpt":{"rendered":"<div class=\"short-description\">Piparkoogimaitseaine lisab sinu k\u00fcpsetistele ja kuumadele jookidele j\u00f5ulust v\u00fcrtsikat maitset. Kogu tuba t\u00e4itub erilise magus-v\u00fcrtsika aroomiga. Piparkoogid\u00a0 lausa sulavad\u00a0 suus.<\/div>\n<div class=\"short-description\">Koostisosad: kaneel, ingver, kardemon, nelk, v\u00fcrtspipar, muskaat.<\/div>","protected":false},"featured_media":29967,"template":"","meta":{"_monsterinsights_skip_tracking":false,"_monsterinsights_sitenote_active":false,"_monsterinsights_sitenote_note":"","_monsterinsights_sitenote_category":0,"_uf_show_specific_survey":0,"_uf_disable_surveys":false},"product_brand":[],"product_cat":[93],"product_tag":[],"class_list":{"0":"post-9632","1":"product","2":"type-product","3":"status-publish","4":"has-post-thumbnail","6":"product_cat-magustoidud","8":"first","9":"instock","10":"taxable","11":"shipping-taxable","12":"purchasable","13":"product-type-simple"},"aioseo_notices":[],"_links":{"self":[{"href":"https:\/\/vurtsid.ee\/en\/wp-json\/wp\/v2\/product\/9632","targetHints":{"allow":["GET"]}}],"collection":[{"href":"https:\/\/vurtsid.ee\/en\/wp-json\/wp\/v2\/product"}],"about":[{"href":"https:\/\/vurtsid.ee\/en\/wp-json\/wp\/v2\/types\/product"}],"version-history":[{"count":1,"href":"https:\/\/vurtsid.ee\/en\/wp-json\/wp\/v2\/product\/9632\/revisions"}],"predecessor-version":[{"id":29031,"href":"https:\/\/vurtsid.ee\/en\/wp-json\/wp\/v2\/product\/9632\/revisions\/29031"}],"wp:featuredmedia":[{"embeddable":true,"href":"https:\/\/vurtsid.ee\/en\/wp-json\/wp\/v2\/media\/29967"}],"wp:attachment":[{"href":"https:\/\/vurtsid.ee\/en\/wp-json\/wp\/v2\/media?parent=9632"}],"wp:term":[{"taxonomy":"product_brand","embeddable":true,"href":"https:\/\/vurtsid.ee\/en\/wp-json\/wp\/v2\/product_brand?post=9632"},{"taxonomy":"product_cat","embeddable":true,"href":"https:\/\/vurtsid.ee\/en\/wp-json\/wp\/v2\/product_cat?post=9632"},{"taxonomy":"product_tag","embeddable":true,"href":"https:\/\/vurtsid.ee\/en\/wp-json\/wp\/v2\/product_tag?post=9632"}],"curies":[{"name":"wp","href":"https:\/\/api.w.org\/{rel}","templated":true}]}}