{"id":9636,"date":"2023-04-25T06:31:04","date_gmt":"2023-04-25T06:31:04","guid":{"rendered":"https:\/\/vurtsid.ee\/?post_type=product&#038;p=9636"},"modified":"2026-03-22T12:45:15","modified_gmt":"2026-03-22T12:45:15","slug":"sartsakas-maitseainesegu-lihale-55g","status":"publish","type":"product","link":"https:\/\/vurtsid.ee\/en\/product\/sartsakas-maitseainesegu-lihale-55g\/","title":{"rendered":"S\u00e4rtsakas maitseainesegu lihale 55g"},"content":{"rendered":"","protected":false},"excerpt":{"rendered":"<div class=\"short-description\">Maitseainesegus on omavahel segunenud suitsupaprika h\u00f5rk aroom, nelgi v\u00fcrtsikus ja t\u0161illipipra krehvtisus, mis annavad ahju- v\u00f5i grilllihale suurep\u00e4rase maitseelamuse.<\/div>\n<div class=\"short-description\">Koostisosad: sibul, k\u00fc\u00fcslauk, roosuhkur, meresool, suitsupaprika, t\u0161illi, v\u00fcrts, Cayenne pipar, tilliseemned, nelk, seller, sinepipulber.<\/div>","protected":false},"featured_media":29502,"template":"","meta":{"_monsterinsights_skip_tracking":false,"_monsterinsights_sitenote_active":false,"_monsterinsights_sitenote_note":"","_monsterinsights_sitenote_category":0,"_uf_show_specific_survey":0,"_uf_disable_surveys":false},"product_brand":[],"product_cat":[104],"product_tag":[],"class_list":{"0":"post-9636","1":"product","2":"type-product","3":"status-publish","4":"has-post-thumbnail","6":"product_cat-lihatoidud","8":"first","9":"instock","10":"taxable","11":"shipping-taxable","12":"purchasable","13":"product-type-simple"},"aioseo_notices":[],"_links":{"self":[{"href":"https:\/\/vurtsid.ee\/en\/wp-json\/wp\/v2\/product\/9636","targetHints":{"allow":["GET"]}}],"collection":[{"href":"https:\/\/vurtsid.ee\/en\/wp-json\/wp\/v2\/product"}],"about":[{"href":"https:\/\/vurtsid.ee\/en\/wp-json\/wp\/v2\/types\/product"}],"version-history":[{"count":2,"href":"https:\/\/vurtsid.ee\/en\/wp-json\/wp\/v2\/product\/9636\/revisions"}],"predecessor-version":[{"id":29708,"href":"https:\/\/vurtsid.ee\/en\/wp-json\/wp\/v2\/product\/9636\/revisions\/29708"}],"wp:featuredmedia":[{"embeddable":true,"href":"https:\/\/vurtsid.ee\/en\/wp-json\/wp\/v2\/media\/29502"}],"wp:attachment":[{"href":"https:\/\/vurtsid.ee\/en\/wp-json\/wp\/v2\/media?parent=9636"}],"wp:term":[{"taxonomy":"product_brand","embeddable":true,"href":"https:\/\/vurtsid.ee\/en\/wp-json\/wp\/v2\/product_brand?post=9636"},{"taxonomy":"product_cat","embeddable":true,"href":"https:\/\/vurtsid.ee\/en\/wp-json\/wp\/v2\/product_cat?post=9636"},{"taxonomy":"product_tag","embeddable":true,"href":"https:\/\/vurtsid.ee\/en\/wp-json\/wp\/v2\/product_tag?post=9636"}],"curies":[{"name":"wp","href":"https:\/\/api.w.org\/{rel}","templated":true}]}}