{"id":10184,"date":"2023-04-25T06:31:02","date_gmt":"2023-04-25T06:31:02","guid":{"rendered":"https:\/\/vurtsid.ee\/?post_type=product&#038;p=10184"},"modified":"2026-03-09T16:45:57","modified_gmt":"2026-03-09T16:45:57","slug":"cajuni-maitseainesegu-lohele-45g-3","status":"publish","type":"product","link":"https:\/\/vurtsid.ee\/et\/toode\/cajuni-maitseainesegu-lohele-45g-3\/","title":{"rendered":"Cajuni maitseainesegu l\u00f5hele 45g"},"content":{"rendered":"<p><!--WPRM Recipe 15767--><\/p>\n<div class=\"wprm-fallback-recipe\">\n<h2 class=\"wprm-fallback-recipe-name\">Ahjul\u00f5he valmistamine Cajuni maitseaineseguga<\/h2>\n<p><img decoding=\"async\" class=\"wprm-fallback-recipe-image\" src=\"https:\/\/vurtsid.ee\/wp-content\/uploads\/2024\/04\/ahjulohe-1-150x150.png\" \/><\/p>\n<p>Ahjul\u00f5he valmistamine Cajun&#8217;i maitseaineseguga on suurep\u00e4rane viis lisada sellele roogile eksootilist v\u00fcrtsi ja s\u00fcgavust. Cajun&#8217;i maitseainesegu sisaldab tavaliselt paprikat, k\u00fc\u00fcslauku, sibulat, t\u0161illit, t\u00fc\u00fcmiani ja muid v\u00fcrtse, mis annavad l\u00f5hele suurep\u00e4rase maitsekihi. Siin on lihtne retsept Cajuni ahjul\u00f5he valmistamiseks:<\/p>\n<div class=\"wprm-fallback-recipe-equipment\"><\/div>\n<div class=\"wprm-fallback-recipe-ingredients\"><\/div>\n<div class=\"wprm-fallback-recipe-instructions\"><\/div>\n<div class=\"wprm-fallback-recipe-notes\">\n<p>Koostisosad:<\/p>\n<ul>\n<li>4 l\u00f5hefileed<\/li>\n<li>2 supilusikat\u00e4it Cajun&#8217;i maitseainesegu<\/li>\n<li>2 supilusikat\u00e4it oliivi\u00f5li v\u00f5i sulatatud v\u00f5id<\/li>\n<li>Pool sidruni mahl<\/li>\n<li>Soola ja pipart maitse j\u00e4rgi<\/li>\n<li>V\u00e4rskelt hakitud peterselli v\u00f5i rohelist sibulat (kaunistamiseks, valikuline)<\/li>\n<li>Sidruniviilud serveerimiseks (valikuline)<\/li>\n<\/ul>\n<p>Juhised:<\/p>\n<ol>\n<li>Kuumuta ahi temperatuurini 200 kraadi Celsiuse j\u00e4rgi. Vooderda k\u00fcpsetusplaat k\u00fcpsetuspaberiga v\u00f5i m\u00e4\u00e4ri see kergelt \u00f5liga.<\/li>\n<li>Puhasta l\u00f5hefileed ja kuivata need paberr\u00e4tikuga.<\/li>\n<li>Segage Cajun&#8217;i maitseainesegu oliivi\u00f5li v\u00f5i sulatatud v\u00f5iga. Lisa sidrunimahl ja sega h\u00e4sti.<\/li>\n<li>M\u00e4\u00e4ri Cajun&#8217;i maitseainesegu segu \u00fchtlaselt l\u00f5hefileedele. Veendu, et kogu filee oleks h\u00e4sti kaetud.<\/li>\n<li>Maitsesta l\u00f5hefileed soola ja pipraga vastavalt oma eelistustele.<\/li>\n<li>Pane l\u00f5hefileed ettevalmistatud k\u00fcpsetusplaadile ja aseta need ahju. K\u00fcpseta 12-15 minutit v\u00f5i kuni l\u00f5he on k\u00fcpsenud ja kergesti lahtib pisut nuga abil.<\/li>\n<li>Kui l\u00f5he on valmis, v\u00f5ta see ahjust v\u00e4lja ja lase enne serveerimist paar minutit jahtuda.<\/li>\n<li>Serveeri Cajun&#8217;i ahjul\u00f5he v\u00e4rskelt hakitud peterselli v\u00f5i rohelise sibulaga ning kaunistuseks v\u00f5id lisada m\u00f5ned sidruniviilud.<\/li>\n<\/ol>\n<p>See maitsev Cajuni ahjul\u00f5he sobib suurep\u00e4raselt nii igap\u00e4evaseks eineks kui ka pidulikumateks s\u00fcndmusteks ning seda saab serveerida koos riisi, v\u00e4rske salati v\u00f5i r\u00f6stitud k\u00f6\u00f6giviljadega.<\/p>\n<\/div>\n<div class=\"wprm-fallback-recipe-meta\">\n<div class=\"wprm-fallback-recipe-meta-course\">Kala<\/div>\n<\/div>\n<\/div>\n<p><!--End WPRM Recipe--><\/p>\n","protected":false},"excerpt":{"rendered":"<div class=\"product-description\">\n<div class=\"bt_bb_tabs bt_bb_style_simple bt_bb_shape_square\">\n<div class=\"bt_bb_tabs_tabs\">\n<div id=\"tab-description\" class=\"bt_bb_tab_item on\">\n<div class=\"bt_bb_tab_content\">\n<div class=\"bt_bb_wrapper\">\n<p>Segu on m\u00f5eldud l\u00f5he valmistamiseks ahjus. H\u00f5\u00f5ruge l\u00f5he seguga ja j\u00e4tke 30 minutiks maitsestuma, siis asetage see ahju.<\/p>\n<p>Koostisosad: meresool, paprika, v\u00fcrtsk\u00f6\u00f6mned, k\u00fc\u00fcslauk, koriandriseemned, t\u00fc\u00fcmian, must pipar, pune.<\/p>\n<\/div>\n<\/div>\n<\/div>\n<\/div>\n<\/div>\n<\/div>\n<div class=\"product-meta\">\n<div class=\"btArticleShareEtc\">\n<div class=\"btTagsColumn\">\n<div class=\"btTags\"><\/div>\n<\/div>\n<\/div>\n<\/div>\n","protected":false},"featured_media":29492,"template":"","meta":{"_monsterinsights_skip_tracking":false,"_monsterinsights_sitenote_active":false,"_monsterinsights_sitenote_note":"","_monsterinsights_sitenote_category":0,"_uf_show_specific_survey":0,"_uf_disable_surveys":false},"product_brand":[],"product_cat":[101,86],"product_tag":[],"class_list":{"0":"post-10184","1":"product","2":"type-product","3":"status-publish","4":"has-post-thumbnail","6":"product_cat-kalale","7":"product_cat-maitseainesegud","9":"first","10":"instock","11":"taxable","12":"shipping-taxable","13":"purchasable","14":"product-type-simple"},"aioseo_notices":[],"_links":{"self":[{"href":"https:\/\/vurtsid.ee\/et\/wp-json\/wp\/v2\/product\/10184","targetHints":{"allow":["GET"]}}],"collection":[{"href":"https:\/\/vurtsid.ee\/et\/wp-json\/wp\/v2\/product"}],"about":[{"href":"https:\/\/vurtsid.ee\/et\/wp-json\/wp\/v2\/types\/product"}],"version-history":[{"count":3,"href":"https:\/\/vurtsid.ee\/et\/wp-json\/wp\/v2\/product\/10184\/revisions"}],"predecessor-version":[{"id":29598,"href":"https:\/\/vurtsid.ee\/et\/wp-json\/wp\/v2\/product\/10184\/revisions\/29598"}],"wp:featuredmedia":[{"embeddable":true,"href":"https:\/\/vurtsid.ee\/et\/wp-json\/wp\/v2\/media\/29492"}],"wp:attachment":[{"href":"https:\/\/vurtsid.ee\/et\/wp-json\/wp\/v2\/media?parent=10184"}],"wp:term":[{"taxonomy":"product_brand","embeddable":true,"href":"https:\/\/vurtsid.ee\/et\/wp-json\/wp\/v2\/product_brand?post=10184"},{"taxonomy":"product_cat","embeddable":true,"href":"https:\/\/vurtsid.ee\/et\/wp-json\/wp\/v2\/product_cat?post=10184"},{"taxonomy":"product_tag","embeddable":true,"href":"https:\/\/vurtsid.ee\/et\/wp-json\/wp\/v2\/product_tag?post=10184"}],"curies":[{"name":"wp","href":"https:\/\/api.w.org\/{rel}","templated":true}]}}