{"id":10200,"date":"2023-04-25T06:31:03","date_gmt":"2023-04-25T06:31:03","guid":{"rendered":"https:\/\/vurtsid.ee\/?post_type=product&#038;p=10200"},"modified":"2026-03-03T12:52:34","modified_gmt":"2026-03-03T12:52:34","slug":"maitseainesegu-riisile-50g-3","status":"publish","type":"product","link":"https:\/\/vurtsid.ee\/et\/toode\/maitseainesegu-riisile-50g-3\/","title":{"rendered":"Maitseainesegu riisile 50g"},"content":{"rendered":"","protected":false},"excerpt":{"rendered":"<p>Segu, kus omavahel on segatud erinevad idamaised maitseained annab riisiroogadele v\u00e4ga h\u00f5rgu aroomi ja maitse.<\/p>\n<p>Koostisosad: sibul, kurkum, ingver, sool, korjander, k\u00fc\u00fcslauk, paprika, kardemon, t\u0161illi, must pipar, rosmariin, loorber, k\u00f6\u00f6mned, v\u00fcrtsk\u00f6\u00f6mned.<\/p>\n","protected":false},"featured_media":0,"template":"","meta":{"_monsterinsights_skip_tracking":false,"_monsterinsights_sitenote_active":false,"_monsterinsights_sitenote_note":"","_monsterinsights_sitenote_category":0,"_uf_show_specific_survey":0,"_uf_disable_surveys":false},"product_brand":[],"product_cat":[86,103,100],"product_tag":[],"class_list":{"0":"post-10200","1":"product","2":"type-product","3":"status-publish","5":"product_cat-maitseainesegud","6":"product_cat-riisitoidud","7":"product_cat-taimetoidud","9":"first","10":"instock","11":"taxable","12":"shipping-taxable","13":"purchasable","14":"product-type-simple"},"aioseo_notices":[],"_links":{"self":[{"href":"https:\/\/vurtsid.ee\/et\/wp-json\/wp\/v2\/product\/10200","targetHints":{"allow":["GET"]}}],"collection":[{"href":"https:\/\/vurtsid.ee\/et\/wp-json\/wp\/v2\/product"}],"about":[{"href":"https:\/\/vurtsid.ee\/et\/wp-json\/wp\/v2\/types\/product"}],"version-history":[{"count":1,"href":"https:\/\/vurtsid.ee\/et\/wp-json\/wp\/v2\/product\/10200\/revisions"}],"predecessor-version":[{"id":29038,"href":"https:\/\/vurtsid.ee\/et\/wp-json\/wp\/v2\/product\/10200\/revisions\/29038"}],"wp:attachment":[{"href":"https:\/\/vurtsid.ee\/et\/wp-json\/wp\/v2\/media?parent=10200"}],"wp:term":[{"taxonomy":"product_brand","embeddable":true,"href":"https:\/\/vurtsid.ee\/et\/wp-json\/wp\/v2\/product_brand?post=10200"},{"taxonomy":"product_cat","embeddable":true,"href":"https:\/\/vurtsid.ee\/et\/wp-json\/wp\/v2\/product_cat?post=10200"},{"taxonomy":"product_tag","embeddable":true,"href":"https:\/\/vurtsid.ee\/et\/wp-json\/wp\/v2\/product_tag?post=10200"}],"curies":[{"name":"wp","href":"https:\/\/api.w.org\/{rel}","templated":true}]}}