{"id":10202,"date":"2023-04-25T06:31:03","date_gmt":"2023-04-25T06:31:03","guid":{"rendered":"https:\/\/vurtsid.ee\/?post_type=product&#038;p=10202"},"modified":"2026-03-03T12:52:35","modified_gmt":"2026-03-03T12:52:35","slug":"maitseainesegu-veiselihale-55g-5","status":"publish","type":"product","link":"https:\/\/vurtsid.ee\/et\/toode\/maitseainesegu-veiselihale-55g-5\/","title":{"rendered":"Maitseainesegu veiselihale 50g"},"content":{"rendered":"","protected":false},"excerpt":{"rendered":"<div class=\"short-description\">Selles segus saavad kokku erinevad \u00fcrdid ja piprad ning nende kooslus lisab lihale suurep\u00e4rase maitsen\u00fcansi. Sobib kasutada ahjus v\u00f5i grillil valmistatud veiseliha, hautiste ja teiste lihatoitude maitsestamiseks.<\/div>\n<div class=\"short-description\">Koostisosad: meresool, sibul, paprika, pastinaak, t\u0161illi, majoraan, piparrohi, harilik leeskputk, must pipar.<\/div>\n","protected":false},"featured_media":0,"template":"","meta":{"_monsterinsights_skip_tracking":false,"_monsterinsights_sitenote_active":false,"_monsterinsights_sitenote_note":"","_monsterinsights_sitenote_category":0,"_uf_show_specific_survey":0,"_uf_disable_surveys":false},"product_brand":[],"product_cat":[104,86],"product_tag":[],"class_list":{"0":"post-10202","1":"product","2":"type-product","3":"status-publish","5":"product_cat-lihatoidud","6":"product_cat-maitseainesegud","8":"first","9":"instock","10":"taxable","11":"shipping-taxable","12":"purchasable","13":"product-type-simple"},"aioseo_notices":[],"_links":{"self":[{"href":"https:\/\/vurtsid.ee\/et\/wp-json\/wp\/v2\/product\/10202","targetHints":{"allow":["GET"]}}],"collection":[{"href":"https:\/\/vurtsid.ee\/et\/wp-json\/wp\/v2\/product"}],"about":[{"href":"https:\/\/vurtsid.ee\/et\/wp-json\/wp\/v2\/types\/product"}],"version-history":[{"count":1,"href":"https:\/\/vurtsid.ee\/et\/wp-json\/wp\/v2\/product\/10202\/revisions"}],"predecessor-version":[{"id":29040,"href":"https:\/\/vurtsid.ee\/et\/wp-json\/wp\/v2\/product\/10202\/revisions\/29040"}],"wp:attachment":[{"href":"https:\/\/vurtsid.ee\/et\/wp-json\/wp\/v2\/media?parent=10202"}],"wp:term":[{"taxonomy":"product_brand","embeddable":true,"href":"https:\/\/vurtsid.ee\/et\/wp-json\/wp\/v2\/product_brand?post=10202"},{"taxonomy":"product_cat","embeddable":true,"href":"https:\/\/vurtsid.ee\/et\/wp-json\/wp\/v2\/product_cat?post=10202"},{"taxonomy":"product_tag","embeddable":true,"href":"https:\/\/vurtsid.ee\/et\/wp-json\/wp\/v2\/product_tag?post=10202"}],"curies":[{"name":"wp","href":"https:\/\/api.w.org\/{rel}","templated":true}]}}