{"id":10203,"date":"2023-04-25T06:31:04","date_gmt":"2023-04-25T06:31:04","guid":{"rendered":"https:\/\/vurtsid.ee\/?post_type=product&#038;p=10203"},"modified":"2026-03-26T05:18:21","modified_gmt":"2026-03-26T05:18:21","slug":"metsavenna-lihasegu-65g-3","status":"publish","type":"product","link":"https:\/\/vurtsid.ee\/et\/toode\/metsavenna-lihasegu-65g-3\/","title":{"rendered":"Metsavenna lihasegu 55g"},"content":{"rendered":"","protected":false},"excerpt":{"rendered":"<div class=\"short-description\">Selles maitseainesegus on tunda v\u00fcrtsikust, magusust ja teisi imelisi maitseid. Segule on lisatud teiste koostisainete hulka kadakamarju ja kuusev\u00f5rseid, mis annavad lihale huvitava metsa meki. Sobib ahjuliha, grill liha ja mooritud liha valmistamiseks.<\/div>\n<div class=\"short-description\">Koostisosad: meresool, k\u00fc\u00fcslauk, pipar, suhkur, sinepiseemned, v\u00fcrts, t\u00fc\u00fcmian, rosmariin, kadakamari, loorber, nelk, ingver, muskaat, kuusev\u00f5rsed<\/div>\n","protected":false},"featured_media":29391,"template":"","meta":{"_monsterinsights_skip_tracking":false,"_monsterinsights_sitenote_active":false,"_monsterinsights_sitenote_note":"","_monsterinsights_sitenote_category":0,"_uf_show_specific_survey":0,"_uf_disable_surveys":false},"product_brand":[],"product_cat":[104,86],"product_tag":[],"class_list":{"0":"post-10203","1":"product","2":"type-product","3":"status-publish","4":"has-post-thumbnail","6":"product_cat-lihatoidud","7":"product_cat-maitseainesegud","9":"first","10":"instock","11":"taxable","12":"shipping-taxable","13":"purchasable","14":"product-type-simple"},"aioseo_notices":[],"_links":{"self":[{"href":"https:\/\/vurtsid.ee\/et\/wp-json\/wp\/v2\/product\/10203","targetHints":{"allow":["GET"]}}],"collection":[{"href":"https:\/\/vurtsid.ee\/et\/wp-json\/wp\/v2\/product"}],"about":[{"href":"https:\/\/vurtsid.ee\/et\/wp-json\/wp\/v2\/types\/product"}],"version-history":[{"count":1,"href":"https:\/\/vurtsid.ee\/et\/wp-json\/wp\/v2\/product\/10203\/revisions"}],"predecessor-version":[{"id":29041,"href":"https:\/\/vurtsid.ee\/et\/wp-json\/wp\/v2\/product\/10203\/revisions\/29041"}],"wp:featuredmedia":[{"embeddable":true,"href":"https:\/\/vurtsid.ee\/et\/wp-json\/wp\/v2\/media\/29391"}],"wp:attachment":[{"href":"https:\/\/vurtsid.ee\/et\/wp-json\/wp\/v2\/media?parent=10203"}],"wp:term":[{"taxonomy":"product_brand","embeddable":true,"href":"https:\/\/vurtsid.ee\/et\/wp-json\/wp\/v2\/product_brand?post=10203"},{"taxonomy":"product_cat","embeddable":true,"href":"https:\/\/vurtsid.ee\/et\/wp-json\/wp\/v2\/product_cat?post=10203"},{"taxonomy":"product_tag","embeddable":true,"href":"https:\/\/vurtsid.ee\/et\/wp-json\/wp\/v2\/product_tag?post=10203"}],"curies":[{"name":"wp","href":"https:\/\/api.w.org\/{rel}","templated":true}]}}