{"id":10210,"date":"2023-04-25T06:31:04","date_gmt":"2023-04-25T06:31:04","guid":{"rendered":"https:\/\/vurtsid.ee\/?post_type=product&#038;p=10210"},"modified":"2026-03-22T12:45:55","modified_gmt":"2026-03-22T12:45:55","slug":"taco-maitseainesegu-50g-2","status":"publish","type":"product","link":"https:\/\/vurtsid.ee\/et\/toode\/taco-maitseainesegu-50g-2\/","title":{"rendered":"Taco maitseainesegu 50g"},"content":{"rendered":"","protected":false},"excerpt":{"rendered":"<div class=\"short-description\">See segu lisab toidule mehhikop\u00e4rast maitset, aroomi ja s\u00e4rtsu. Sobib suurep\u00e4raselt taco t\u00e4idise ja teiste Mehhiko roogade, aga ka mis tahes hakklihatoidu maitsestamiseks.<\/div>\n<div class=\"short-description\">Koostisosad: t\u0161illi, k\u00fc\u00fcslauk, sibul, pune, paprika, v\u00fcrtsk\u00f6\u00f6mned, meresool, must pipar.<\/div>\n","protected":false},"featured_media":29501,"template":"","meta":{"_monsterinsights_skip_tracking":false,"_monsterinsights_sitenote_active":false,"_monsterinsights_sitenote_note":"","_monsterinsights_sitenote_category":0,"_uf_show_specific_survey":0,"_uf_disable_surveys":false},"product_brand":[],"product_cat":[87,86,106],"product_tag":[],"class_list":{"0":"post-10210","1":"product","2":"type-product","3":"status-publish","4":"has-post-thumbnail","6":"product_cat-maailma-maitsed","7":"product_cat-maitseainesegud","8":"product_cat-mehhiko","10":"first","11":"instock","12":"taxable","13":"shipping-taxable","14":"purchasable","15":"product-type-simple"},"aioseo_notices":[],"_links":{"self":[{"href":"https:\/\/vurtsid.ee\/et\/wp-json\/wp\/v2\/product\/10210","targetHints":{"allow":["GET"]}}],"collection":[{"href":"https:\/\/vurtsid.ee\/et\/wp-json\/wp\/v2\/product"}],"about":[{"href":"https:\/\/vurtsid.ee\/et\/wp-json\/wp\/v2\/types\/product"}],"version-history":[{"count":1,"href":"https:\/\/vurtsid.ee\/et\/wp-json\/wp\/v2\/product\/10210\/revisions"}],"predecessor-version":[{"id":29043,"href":"https:\/\/vurtsid.ee\/et\/wp-json\/wp\/v2\/product\/10210\/revisions\/29043"}],"wp:featuredmedia":[{"embeddable":true,"href":"https:\/\/vurtsid.ee\/et\/wp-json\/wp\/v2\/media\/29501"}],"wp:attachment":[{"href":"https:\/\/vurtsid.ee\/et\/wp-json\/wp\/v2\/media?parent=10210"}],"wp:term":[{"taxonomy":"product_brand","embeddable":true,"href":"https:\/\/vurtsid.ee\/et\/wp-json\/wp\/v2\/product_brand?post=10210"},{"taxonomy":"product_cat","embeddable":true,"href":"https:\/\/vurtsid.ee\/et\/wp-json\/wp\/v2\/product_cat?post=10210"},{"taxonomy":"product_tag","embeddable":true,"href":"https:\/\/vurtsid.ee\/et\/wp-json\/wp\/v2\/product_tag?post=10210"}],"curies":[{"name":"wp","href":"https:\/\/api.w.org\/{rel}","templated":true}]}}