{"id":10215,"date":"2023-04-25T06:31:04","date_gmt":"2023-04-25T06:31:04","guid":{"rendered":"https:\/\/vurtsid.ee\/?post_type=product&#038;p=10215"},"modified":"2026-03-22T12:49:22","modified_gmt":"2026-03-22T12:49:22","slug":"vurtsikas-maitseainesegu-kanale-45g-3","status":"publish","type":"product","link":"https:\/\/vurtsid.ee\/et\/toode\/vurtsikas-maitseainesegu-kanale-45g-3\/","title":{"rendered":"V\u00fcrtsikas maitseainesegu kanale 45g"},"content":{"rendered":"","protected":false},"excerpt":{"rendered":"<div class=\"short-description\">Maitseainesegu on m\u00f5eldud v\u00fcrtsika ahju- ja grillkana maitsestamiseks.<\/div>\n<div class=\"short-description\">Koostisosad: paprika, k\u00fc\u00fcslauk, meresool, t\u00fc\u00fcmian, must pipar, Cayenne`i pipar.<\/div>\n","protected":false},"featured_media":29497,"template":"","meta":{"_monsterinsights_skip_tracking":false,"_monsterinsights_sitenote_active":false,"_monsterinsights_sitenote_note":"","_monsterinsights_sitenote_category":0,"_uf_show_specific_survey":0,"_uf_disable_surveys":false},"product_brand":[],"product_cat":[89,86],"product_tag":[],"class_list":{"0":"post-10215","1":"product","2":"type-product","3":"status-publish","4":"has-post-thumbnail","6":"product_cat-linnulihale","7":"product_cat-maitseainesegud","9":"first","10":"instock","11":"taxable","12":"shipping-taxable","13":"purchasable","14":"product-type-simple"},"aioseo_notices":[],"_links":{"self":[{"href":"https:\/\/vurtsid.ee\/et\/wp-json\/wp\/v2\/product\/10215","targetHints":{"allow":["GET"]}}],"collection":[{"href":"https:\/\/vurtsid.ee\/et\/wp-json\/wp\/v2\/product"}],"about":[{"href":"https:\/\/vurtsid.ee\/et\/wp-json\/wp\/v2\/types\/product"}],"version-history":[{"count":1,"href":"https:\/\/vurtsid.ee\/et\/wp-json\/wp\/v2\/product\/10215\/revisions"}],"predecessor-version":[{"id":29046,"href":"https:\/\/vurtsid.ee\/et\/wp-json\/wp\/v2\/product\/10215\/revisions\/29046"}],"wp:featuredmedia":[{"embeddable":true,"href":"https:\/\/vurtsid.ee\/et\/wp-json\/wp\/v2\/media\/29497"}],"wp:attachment":[{"href":"https:\/\/vurtsid.ee\/et\/wp-json\/wp\/v2\/media?parent=10215"}],"wp:term":[{"taxonomy":"product_brand","embeddable":true,"href":"https:\/\/vurtsid.ee\/et\/wp-json\/wp\/v2\/product_brand?post=10215"},{"taxonomy":"product_cat","embeddable":true,"href":"https:\/\/vurtsid.ee\/et\/wp-json\/wp\/v2\/product_cat?post=10215"},{"taxonomy":"product_tag","embeddable":true,"href":"https:\/\/vurtsid.ee\/et\/wp-json\/wp\/v2\/product_tag?post=10215"}],"curies":[{"name":"wp","href":"https:\/\/api.w.org\/{rel}","templated":true}]}}