{"id":10230,"date":"2023-04-25T06:31:50","date_gmt":"2023-04-25T06:31:50","guid":{"rendered":"https:\/\/vurtsid.ee\/?post_type=product&#038;p=10230"},"modified":"2026-03-26T05:17:46","modified_gmt":"2026-03-26T05:17:46","slug":"tuumian-20g-3","status":"publish","type":"product","link":"https:\/\/vurtsid.ee\/et\/toode\/tuumian-20g-3\/","title":{"rendered":"T\u00fc\u00fcmian 20g"},"content":{"rendered":"","protected":false},"excerpt":{"rendered":"<p>Sisaldab palju eeterlikke \u00f5lisid. Kasutatakse suppides, hautistes, puljongites, kastmetes, muna- ja aedviljatoitudes. Eriti h\u00e4sti sobib tomatip\u00fcreedesse ning k\u00fcpsetatud ja grillitud liha ja kala maitsestamiseks, samuti itaaliap\u00e4rastesse vormidesse, kastmetesse, pastaroogadesse. Taime- ja kartulitoidud saavad peene aroomi, kui neile lisada noaotsat\u00e4is t\u00fc\u00fcmiani.<\/p>\n","protected":false},"featured_media":0,"template":"","meta":{"_monsterinsights_skip_tracking":false,"_monsterinsights_sitenote_active":false,"_monsterinsights_sitenote_note":"","_monsterinsights_sitenote_category":0,"_uf_show_specific_survey":0,"_uf_disable_surveys":false},"product_brand":[],"product_cat":[94],"product_tag":[],"class_list":{"0":"post-10230","1":"product","2":"type-product","3":"status-publish","5":"product_cat-puhtad-maitseained","7":"first","8":"instock","9":"taxable","10":"shipping-taxable","11":"purchasable","12":"product-type-simple"},"aioseo_notices":[],"_links":{"self":[{"href":"https:\/\/vurtsid.ee\/et\/wp-json\/wp\/v2\/product\/10230","targetHints":{"allow":["GET"]}}],"collection":[{"href":"https:\/\/vurtsid.ee\/et\/wp-json\/wp\/v2\/product"}],"about":[{"href":"https:\/\/vurtsid.ee\/et\/wp-json\/wp\/v2\/types\/product"}],"version-history":[{"count":1,"href":"https:\/\/vurtsid.ee\/et\/wp-json\/wp\/v2\/product\/10230\/revisions"}],"predecessor-version":[{"id":29055,"href":"https:\/\/vurtsid.ee\/et\/wp-json\/wp\/v2\/product\/10230\/revisions\/29055"}],"wp:attachment":[{"href":"https:\/\/vurtsid.ee\/et\/wp-json\/wp\/v2\/media?parent=10230"}],"wp:term":[{"taxonomy":"product_brand","embeddable":true,"href":"https:\/\/vurtsid.ee\/et\/wp-json\/wp\/v2\/product_brand?post=10230"},{"taxonomy":"product_cat","embeddable":true,"href":"https:\/\/vurtsid.ee\/et\/wp-json\/wp\/v2\/product_cat?post=10230"},{"taxonomy":"product_tag","embeddable":true,"href":"https:\/\/vurtsid.ee\/et\/wp-json\/wp\/v2\/product_tag?post=10230"}],"curies":[{"name":"wp","href":"https:\/\/api.w.org\/{rel}","templated":true}]}}