{"id":10233,"date":"2023-04-25T06:31:50","date_gmt":"2023-04-25T06:31:50","guid":{"rendered":"https:\/\/vurtsid.ee\/?post_type=product&#038;p=10233"},"modified":"2026-03-26T05:18:21","modified_gmt":"2026-03-26T05:18:21","slug":"maitseainesegu-beebitoitudele-55g-3","status":"publish","type":"product","link":"https:\/\/vurtsid.ee\/et\/toode\/maitseainesegu-beebitoitudele-55g-3\/","title":{"rendered":"Maitseainesegu beebitoitudele 55g"},"content":{"rendered":"","protected":false},"excerpt":{"rendered":"<div class=\"short-description\">Maitseainesegu beebitoitudele on loodud spetsiaalselt beebide ja v\u00e4ikelaste esimeste roogade maitsestamiseks. Segu sisaldab ainult naturaalseid k\u00f6\u00f6givilju ja \u00fcrte \u2014 porgandit, pastinaaki, punast ja rohelist paprikat, k\u00fc\u00fcslauku, tomatit, peterselli, sibulat, tilli, kurkumit, punet, t\u00fc\u00fcmiani ja basiilikut. Maitseainesegu ei sisalda E-aineid, soola, lisatud suhkruid ega pipraid, mist\u00f5ttu sobib see ideaalselt alates 6. elukuust. Lisa v\u00e4ike kogus beebipudru, k\u00f6\u00f6giviljasuppi v\u00f5i lihasuppi \u2014 ja lapse taldrik saab mitmek\u00fclgse aroomi ilma tarbetute lisanditeta. Valmistatud Eestis, looduslike toorainetega.<\/div>\n","protected":false},"featured_media":29350,"template":"","meta":{"_monsterinsights_skip_tracking":false,"_monsterinsights_sitenote_active":false,"_monsterinsights_sitenote_note":"","_monsterinsights_sitenote_category":0,"_uf_show_specific_survey":0,"_uf_disable_surveys":false},"product_brand":[],"product_cat":[110,86],"product_tag":[],"class_list":{"0":"post-10233","1":"product","2":"type-product","3":"status-publish","4":"has-post-thumbnail","6":"product_cat-lastele","7":"product_cat-maitseainesegud","9":"first","10":"instock","11":"taxable","12":"shipping-taxable","13":"purchasable","14":"product-type-simple"},"aioseo_notices":[],"_links":{"self":[{"href":"https:\/\/vurtsid.ee\/et\/wp-json\/wp\/v2\/product\/10233","targetHints":{"allow":["GET"]}}],"collection":[{"href":"https:\/\/vurtsid.ee\/et\/wp-json\/wp\/v2\/product"}],"about":[{"href":"https:\/\/vurtsid.ee\/et\/wp-json\/wp\/v2\/types\/product"}],"version-history":[{"count":3,"href":"https:\/\/vurtsid.ee\/et\/wp-json\/wp\/v2\/product\/10233\/revisions"}],"predecessor-version":[{"id":29416,"href":"https:\/\/vurtsid.ee\/et\/wp-json\/wp\/v2\/product\/10233\/revisions\/29416"}],"wp:featuredmedia":[{"embeddable":true,"href":"https:\/\/vurtsid.ee\/et\/wp-json\/wp\/v2\/media\/29350"}],"wp:attachment":[{"href":"https:\/\/vurtsid.ee\/et\/wp-json\/wp\/v2\/media?parent=10233"}],"wp:term":[{"taxonomy":"product_brand","embeddable":true,"href":"https:\/\/vurtsid.ee\/et\/wp-json\/wp\/v2\/product_brand?post=10233"},{"taxonomy":"product_cat","embeddable":true,"href":"https:\/\/vurtsid.ee\/et\/wp-json\/wp\/v2\/product_cat?post=10233"},{"taxonomy":"product_tag","embeddable":true,"href":"https:\/\/vurtsid.ee\/et\/wp-json\/wp\/v2\/product_tag?post=10233"}],"curies":[{"name":"wp","href":"https:\/\/api.w.org\/{rel}","templated":true}]}}