{"id":10244,"date":"2023-04-25T06:32:12","date_gmt":"2023-04-25T06:32:12","guid":{"rendered":"https:\/\/vurtsid.ee\/?post_type=product&#038;p=10244"},"modified":"2026-03-09T06:51:40","modified_gmt":"2026-03-09T06:51:40","slug":"hork-maitseainesegu-kanale-45g-3","status":"publish","type":"product","link":"https:\/\/vurtsid.ee\/et\/toode\/hork-maitseainesegu-kanale-45g-3\/","title":{"rendered":"H\u00f5rk maitseainesegu kanale 45g"},"content":{"rendered":"","protected":false},"excerpt":{"rendered":"<p>M\u00f5eldud suus sulava ahjukana maitsestamiseks. On meeldivalt h\u00f5rgu l\u00f5hna ja maitsega.<\/p>\n<p>Koostisosad: meresool, paprika, must pipar, sibul, k\u00fc\u00fcslauk, pune, v\u00fcrtsk\u00f6\u00f6mned, t\u0161illi.<\/p>\n","protected":false},"featured_media":29466,"template":"","meta":{"_monsterinsights_skip_tracking":false,"_monsterinsights_sitenote_active":false,"_monsterinsights_sitenote_note":"","_monsterinsights_sitenote_category":0,"_uf_show_specific_survey":0,"_uf_disable_surveys":false},"product_brand":[],"product_cat":[89,86],"product_tag":[],"class_list":{"0":"post-10244","1":"product","2":"type-product","3":"status-publish","4":"has-post-thumbnail","6":"product_cat-linnulihale","7":"product_cat-maitseainesegud","9":"first","10":"instock","11":"taxable","12":"shipping-taxable","13":"purchasable","14":"product-type-simple"},"aioseo_notices":[],"_links":{"self":[{"href":"https:\/\/vurtsid.ee\/et\/wp-json\/wp\/v2\/product\/10244","targetHints":{"allow":["GET"]}}],"collection":[{"href":"https:\/\/vurtsid.ee\/et\/wp-json\/wp\/v2\/product"}],"about":[{"href":"https:\/\/vurtsid.ee\/et\/wp-json\/wp\/v2\/types\/product"}],"version-history":[{"count":2,"href":"https:\/\/vurtsid.ee\/et\/wp-json\/wp\/v2\/product\/10244\/revisions"}],"predecessor-version":[{"id":29477,"href":"https:\/\/vurtsid.ee\/et\/wp-json\/wp\/v2\/product\/10244\/revisions\/29477"}],"wp:featuredmedia":[{"embeddable":true,"href":"https:\/\/vurtsid.ee\/et\/wp-json\/wp\/v2\/media\/29466"}],"wp:attachment":[{"href":"https:\/\/vurtsid.ee\/et\/wp-json\/wp\/v2\/media?parent=10244"}],"wp:term":[{"taxonomy":"product_brand","embeddable":true,"href":"https:\/\/vurtsid.ee\/et\/wp-json\/wp\/v2\/product_brand?post=10244"},{"taxonomy":"product_cat","embeddable":true,"href":"https:\/\/vurtsid.ee\/et\/wp-json\/wp\/v2\/product_cat?post=10244"},{"taxonomy":"product_tag","embeddable":true,"href":"https:\/\/vurtsid.ee\/et\/wp-json\/wp\/v2\/product_tag?post=10244"}],"curies":[{"name":"wp","href":"https:\/\/api.w.org\/{rel}","templated":true}]}}