{"id":10246,"date":"2023-04-25T06:32:35","date_gmt":"2023-04-25T06:32:35","guid":{"rendered":"https:\/\/vurtsid.ee\/?post_type=product&#038;p=10246"},"modified":"2026-03-22T10:40:34","modified_gmt":"2026-03-22T10:40:34","slug":"monus-maitsesool-70g-3","status":"publish","type":"product","link":"https:\/\/vurtsid.ee\/et\/toode\/monus-maitsesool-70g-3\/","title":{"rendered":"M\u00f6nus maitsesool 70g"},"content":{"rendered":"","protected":false},"excerpt":{"rendered":"<div class=\"short-description\">See on \u00fcks saaremaiselt m\u00f6nus maitsesool. See annab toidule veidike Saaremaad katvate j\u00e4ndrike kadakate h\u00f5ngu, sest sisaldab kadakamarju.<\/div>\n<div class=\"short-description\">Koostisosad: meresool, t\u0161illi, loorber, petersell, t\u00fc\u00fcmian, kadakamari.<\/div>\n","protected":false},"featured_media":29906,"template":"","meta":{"_monsterinsights_skip_tracking":false,"_monsterinsights_sitenote_active":false,"_monsterinsights_sitenote_note":"","_monsterinsights_sitenote_category":0,"_uf_show_specific_survey":0,"_uf_disable_surveys":false},"product_brand":[],"product_cat":[108],"product_tag":[],"class_list":{"0":"post-10246","1":"product","2":"type-product","3":"status-publish","4":"has-post-thumbnail","6":"product_cat-maitsesoolad","8":"first","9":"instock","10":"taxable","11":"shipping-taxable","12":"purchasable","13":"product-type-simple"},"aioseo_notices":[],"_links":{"self":[{"href":"https:\/\/vurtsid.ee\/et\/wp-json\/wp\/v2\/product\/10246","targetHints":{"allow":["GET"]}}],"collection":[{"href":"https:\/\/vurtsid.ee\/et\/wp-json\/wp\/v2\/product"}],"about":[{"href":"https:\/\/vurtsid.ee\/et\/wp-json\/wp\/v2\/types\/product"}],"version-history":[{"count":1,"href":"https:\/\/vurtsid.ee\/et\/wp-json\/wp\/v2\/product\/10246\/revisions"}],"predecessor-version":[{"id":29064,"href":"https:\/\/vurtsid.ee\/et\/wp-json\/wp\/v2\/product\/10246\/revisions\/29064"}],"wp:featuredmedia":[{"embeddable":true,"href":"https:\/\/vurtsid.ee\/et\/wp-json\/wp\/v2\/media\/29906"}],"wp:attachment":[{"href":"https:\/\/vurtsid.ee\/et\/wp-json\/wp\/v2\/media?parent=10246"}],"wp:term":[{"taxonomy":"product_brand","embeddable":true,"href":"https:\/\/vurtsid.ee\/et\/wp-json\/wp\/v2\/product_brand?post=10246"},{"taxonomy":"product_cat","embeddable":true,"href":"https:\/\/vurtsid.ee\/et\/wp-json\/wp\/v2\/product_cat?post=10246"},{"taxonomy":"product_tag","embeddable":true,"href":"https:\/\/vurtsid.ee\/et\/wp-json\/wp\/v2\/product_tag?post=10246"}],"curies":[{"name":"wp","href":"https:\/\/api.w.org\/{rel}","templated":true}]}}