{"id":10248,"date":"2023-04-25T06:32:35","date_gmt":"2023-04-25T06:32:35","guid":{"rendered":"https:\/\/vurtsid.ee\/?post_type=product&#038;p=10248"},"modified":"2026-03-22T13:20:46","modified_gmt":"2026-03-22T13:20:46","slug":"kaneel-jahvatatud-50g-4","status":"publish","type":"product","link":"https:\/\/vurtsid.ee\/et\/toode\/kaneel-jahvatatud-50g-4\/","title":{"rendered":"Kaneel jahvatatud 50g"},"content":{"rendered":"","protected":false},"excerpt":{"rendered":"<p>Kaneeli kasutatakse palju India k\u00f6\u00f6gis. Sobib suurep\u00e4raselt riisi- ja mannapudru, kookide, kuklite ja muude k\u00fcpsetiste ning puuviljasalatite maitsestamiseks.<\/p>\n","protected":false},"featured_media":29970,"template":"","meta":{"_monsterinsights_skip_tracking":false,"_monsterinsights_sitenote_active":false,"_monsterinsights_sitenote_note":"","_monsterinsights_sitenote_category":0,"_uf_show_specific_survey":0,"_uf_disable_surveys":false},"product_brand":[],"product_cat":[93,94],"product_tag":[],"class_list":{"0":"post-10248","1":"product","2":"type-product","3":"status-publish","4":"has-post-thumbnail","6":"product_cat-magustoidud","7":"product_cat-puhtad-maitseained","9":"first","10":"instock","11":"taxable","12":"shipping-taxable","13":"purchasable","14":"product-type-simple"},"aioseo_notices":[],"_links":{"self":[{"href":"https:\/\/vurtsid.ee\/et\/wp-json\/wp\/v2\/product\/10248","targetHints":{"allow":["GET"]}}],"collection":[{"href":"https:\/\/vurtsid.ee\/et\/wp-json\/wp\/v2\/product"}],"about":[{"href":"https:\/\/vurtsid.ee\/et\/wp-json\/wp\/v2\/types\/product"}],"version-history":[{"count":1,"href":"https:\/\/vurtsid.ee\/et\/wp-json\/wp\/v2\/product\/10248\/revisions"}],"predecessor-version":[{"id":29065,"href":"https:\/\/vurtsid.ee\/et\/wp-json\/wp\/v2\/product\/10248\/revisions\/29065"}],"wp:featuredmedia":[{"embeddable":true,"href":"https:\/\/vurtsid.ee\/et\/wp-json\/wp\/v2\/media\/29970"}],"wp:attachment":[{"href":"https:\/\/vurtsid.ee\/et\/wp-json\/wp\/v2\/media?parent=10248"}],"wp:term":[{"taxonomy":"product_brand","embeddable":true,"href":"https:\/\/vurtsid.ee\/et\/wp-json\/wp\/v2\/product_brand?post=10248"},{"taxonomy":"product_cat","embeddable":true,"href":"https:\/\/vurtsid.ee\/et\/wp-json\/wp\/v2\/product_cat?post=10248"},{"taxonomy":"product_tag","embeddable":true,"href":"https:\/\/vurtsid.ee\/et\/wp-json\/wp\/v2\/product_tag?post=10248"}],"curies":[{"name":"wp","href":"https:\/\/api.w.org\/{rel}","templated":true}]}}