{"id":10252,"date":"2023-04-25T06:32:35","date_gmt":"2023-04-25T06:32:35","guid":{"rendered":"https:\/\/vurtsid.ee\/?post_type=product&#038;p=10252"},"modified":"2026-03-22T11:14:02","modified_gmt":"2026-03-22T11:14:02","slug":"apelsinipipar-50g-3","status":"publish","type":"product","link":"https:\/\/vurtsid.ee\/et\/toode\/apelsinipipar-50g-3\/","title":{"rendered":"Apelsinipipar 50g"},"content":{"rendered":"","protected":false},"excerpt":{"rendered":"<p>Tugeva ja aromaatse pipra- ja apelsinil\u00f5hnaga maitseaine. Sobib v\u00e4ga h\u00e4sti linnu- ja loomaliha, kala, koorikloomade, juurviljade, salatite, dippide ja muude kastmete ning maitsev\u00f5i maitsestamiseks.<br \/>\nKoostisosad: pipar, apelsin, meresool, sidrunikoor, suhkur, k\u00fc\u00fcslauk.<\/p>\n","protected":false},"featured_media":29925,"template":"","meta":{"_monsterinsights_skip_tracking":false,"_monsterinsights_sitenote_active":false,"_monsterinsights_sitenote_note":"","_monsterinsights_sitenote_category":0,"_uf_show_specific_survey":0,"_uf_disable_surveys":false},"product_brand":[],"product_cat":[101,89,86,91],"product_tag":[],"class_list":{"0":"post-10252","1":"product","2":"type-product","3":"status-publish","4":"has-post-thumbnail","6":"product_cat-kalale","7":"product_cat-linnulihale","8":"product_cat-maitseainesegud","9":"product_cat-piprad","11":"first","12":"outofstock","13":"taxable","14":"shipping-taxable","15":"purchasable","16":"product-type-simple"},"aioseo_notices":[],"_links":{"self":[{"href":"https:\/\/vurtsid.ee\/et\/wp-json\/wp\/v2\/product\/10252","targetHints":{"allow":["GET"]}}],"collection":[{"href":"https:\/\/vurtsid.ee\/et\/wp-json\/wp\/v2\/product"}],"about":[{"href":"https:\/\/vurtsid.ee\/et\/wp-json\/wp\/v2\/types\/product"}],"version-history":[{"count":1,"href":"https:\/\/vurtsid.ee\/et\/wp-json\/wp\/v2\/product\/10252\/revisions"}],"predecessor-version":[{"id":29067,"href":"https:\/\/vurtsid.ee\/et\/wp-json\/wp\/v2\/product\/10252\/revisions\/29067"}],"wp:featuredmedia":[{"embeddable":true,"href":"https:\/\/vurtsid.ee\/et\/wp-json\/wp\/v2\/media\/29925"}],"wp:attachment":[{"href":"https:\/\/vurtsid.ee\/et\/wp-json\/wp\/v2\/media?parent=10252"}],"wp:term":[{"taxonomy":"product_brand","embeddable":true,"href":"https:\/\/vurtsid.ee\/et\/wp-json\/wp\/v2\/product_brand?post=10252"},{"taxonomy":"product_cat","embeddable":true,"href":"https:\/\/vurtsid.ee\/et\/wp-json\/wp\/v2\/product_cat?post=10252"},{"taxonomy":"product_tag","embeddable":true,"href":"https:\/\/vurtsid.ee\/et\/wp-json\/wp\/v2\/product_tag?post=10252"}],"curies":[{"name":"wp","href":"https:\/\/api.w.org\/{rel}","templated":true}]}}