{"id":10254,"date":"2023-04-25T06:32:35","date_gmt":"2023-04-25T06:32:35","guid":{"rendered":"https:\/\/vurtsid.ee\/?post_type=product&#038;p=10254"},"modified":"2026-03-08T08:42:46","modified_gmt":"2026-03-08T08:42:46","slug":"paprika-jahvatatud-50g-3","status":"publish","type":"product","link":"https:\/\/vurtsid.ee\/et\/toode\/paprika-jahvatatud-50g-3\/","title":{"rendered":"Paprika jahvatatud 50g"},"content":{"rendered":"","protected":false},"excerpt":{"rendered":"<p>Jahvatatud paprika sobib h\u00e4sti praetud toitudesse ja annab kahvatutele roogadele ilusa v\u00e4rvi. Kasutatakse ungari-, hispaania- ja itaaliap\u00e4rastes toitudes, praetud v\u00f5i grillitud liha ja kala, hakklihatoitude ja linnuliha maitsestamiseks.<\/p>\n","protected":false},"featured_media":29452,"template":"","meta":{"_monsterinsights_skip_tracking":false,"_monsterinsights_sitenote_active":false,"_monsterinsights_sitenote_note":"","_monsterinsights_sitenote_category":0,"_uf_show_specific_survey":0,"_uf_disable_surveys":false},"product_brand":[],"product_cat":[91],"product_tag":[],"class_list":{"0":"post-10254","1":"product","2":"type-product","3":"status-publish","4":"has-post-thumbnail","6":"product_cat-piprad","8":"first","9":"instock","10":"taxable","11":"shipping-taxable","12":"purchasable","13":"product-type-simple"},"aioseo_notices":[],"_links":{"self":[{"href":"https:\/\/vurtsid.ee\/et\/wp-json\/wp\/v2\/product\/10254","targetHints":{"allow":["GET"]}}],"collection":[{"href":"https:\/\/vurtsid.ee\/et\/wp-json\/wp\/v2\/product"}],"about":[{"href":"https:\/\/vurtsid.ee\/et\/wp-json\/wp\/v2\/types\/product"}],"version-history":[{"count":2,"href":"https:\/\/vurtsid.ee\/et\/wp-json\/wp\/v2\/product\/10254\/revisions"}],"predecessor-version":[{"id":29454,"href":"https:\/\/vurtsid.ee\/et\/wp-json\/wp\/v2\/product\/10254\/revisions\/29454"}],"wp:featuredmedia":[{"embeddable":true,"href":"https:\/\/vurtsid.ee\/et\/wp-json\/wp\/v2\/media\/29452"}],"wp:attachment":[{"href":"https:\/\/vurtsid.ee\/et\/wp-json\/wp\/v2\/media?parent=10254"}],"wp:term":[{"taxonomy":"product_brand","embeddable":true,"href":"https:\/\/vurtsid.ee\/et\/wp-json\/wp\/v2\/product_brand?post=10254"},{"taxonomy":"product_cat","embeddable":true,"href":"https:\/\/vurtsid.ee\/et\/wp-json\/wp\/v2\/product_cat?post=10254"},{"taxonomy":"product_tag","embeddable":true,"href":"https:\/\/vurtsid.ee\/et\/wp-json\/wp\/v2\/product_tag?post=10254"}],"curies":[{"name":"wp","href":"https:\/\/api.w.org\/{rel}","templated":true}]}}