{"id":10266,"date":"2023-04-25T06:33:22","date_gmt":"2023-04-25T06:33:22","guid":{"rendered":"https:\/\/vurtsid.ee\/?post_type=product&#038;p=10266"},"modified":"2026-03-18T04:51:35","modified_gmt":"2026-03-18T04:51:35","slug":"tomat-kuuslaugu-ja-basiilikuga-55g-3","status":"publish","type":"product","link":"https:\/\/vurtsid.ee\/et\/toode\/tomat-kuuslaugu-ja-basiilikuga-55g-3\/","title":{"rendered":"Tomat, k\u00fc\u00fcslaugu ja basiilikuga 50g"},"content":{"rendered":"<p data-start=\"736\" data-end=\"984\">See tomati, k\u00fc\u00fcslaugu ja basiilikuga maitseainesegu on ideaalne valik, kui soovid tuua oma k\u00f6\u00f6ki ehtsad Vahemere maitsed. Rikkalik tomat annab segule s\u00fcgavuse, k\u00fc\u00fcslauk lisab m\u00f5nusa teravuse ning basiilik loob kergelt aromaatse ja v\u00e4rske l\u00f5ppnoodi.<\/p>\n<p data-start=\"986\" data-end=\"1233\">See mitmek\u00fclgne maitseainesegu sobib suurep\u00e4raselt pastaroogade maitsestamiseks, lisades neile t\u00e4idlase ja autentse maitse. Samuti t\u00e4iendab see h\u00e4sti v\u00e4rskeid salateid ning annab grillitud k\u00f6\u00f6giviljadele isu\u00e4ratava ja tasakaalustatud maitsen\u00fcansi.<\/p>\n<p data-start=\"1235\" data-end=\"1399\">T\u00e4nu looduslikele koostisosadele \u2013 tomat, k\u00fc\u00fcslauk ja basiilik \u2013 on tegemist puhta ja kvaliteetse maitseaineseguga, mis sobib igap\u00e4evaseks kasutamiseks igas k\u00f6\u00f6gis.<\/p>\n","protected":false},"excerpt":{"rendered":"<div class=\"short-description\">See maitseainesegu on t\u00e4iuslik kombinatsioon rikkalikust tomatist, v\u00e4rskendavast k\u00fc\u00fcslaugust ja aromaatselt kergest basiilikust. Ideaalne lisand pastaroogadele, salatitele ja grillitud k\u00f6\u00f6giviljadele. Sobib v\u00e4ga h\u00e4sti erinevate vahemere \u00e4\u00e4rsete roogade maitsestamiseks.<\/div>\n<div class=\"short-description\">Koostisosad: tomat, k\u00fc\u00fcslauk, basiilik<\/div>\n","protected":false},"featured_media":29465,"template":"","meta":{"_monsterinsights_skip_tracking":false,"_monsterinsights_sitenote_active":false,"_monsterinsights_sitenote_note":"","_monsterinsights_sitenote_category":0,"_uf_show_specific_survey":0,"_uf_disable_surveys":false},"product_brand":[],"product_cat":[86,111,102,100],"product_tag":[],"class_list":{"0":"post-10266","1":"product","2":"type-product","3":"status-publish","4":"has-post-thumbnail","6":"product_cat-maitseainesegud","7":"product_cat-pasta","8":"product_cat-salatid","9":"product_cat-taimetoidud","11":"first","12":"instock","13":"taxable","14":"shipping-taxable","15":"purchasable","16":"product-type-simple"},"aioseo_notices":[],"_links":{"self":[{"href":"https:\/\/vurtsid.ee\/et\/wp-json\/wp\/v2\/product\/10266","targetHints":{"allow":["GET"]}}],"collection":[{"href":"https:\/\/vurtsid.ee\/et\/wp-json\/wp\/v2\/product"}],"about":[{"href":"https:\/\/vurtsid.ee\/et\/wp-json\/wp\/v2\/types\/product"}],"version-history":[{"count":3,"href":"https:\/\/vurtsid.ee\/et\/wp-json\/wp\/v2\/product\/10266\/revisions"}],"predecessor-version":[{"id":29478,"href":"https:\/\/vurtsid.ee\/et\/wp-json\/wp\/v2\/product\/10266\/revisions\/29478"}],"wp:featuredmedia":[{"embeddable":true,"href":"https:\/\/vurtsid.ee\/et\/wp-json\/wp\/v2\/media\/29465"}],"wp:attachment":[{"href":"https:\/\/vurtsid.ee\/et\/wp-json\/wp\/v2\/media?parent=10266"}],"wp:term":[{"taxonomy":"product_brand","embeddable":true,"href":"https:\/\/vurtsid.ee\/et\/wp-json\/wp\/v2\/product_brand?post=10266"},{"taxonomy":"product_cat","embeddable":true,"href":"https:\/\/vurtsid.ee\/et\/wp-json\/wp\/v2\/product_cat?post=10266"},{"taxonomy":"product_tag","embeddable":true,"href":"https:\/\/vurtsid.ee\/et\/wp-json\/wp\/v2\/product_tag?post=10266"}],"curies":[{"name":"wp","href":"https:\/\/api.w.org\/{rel}","templated":true}]}}