{"id":10278,"date":"2023-04-25T06:33:49","date_gmt":"2023-04-25T06:33:49","guid":{"rendered":"https:\/\/vurtsid.ee\/?post_type=product&#038;p=10278"},"modified":"2026-03-26T05:05:00","modified_gmt":"2026-03-26T05:05:00","slug":"puraviku-urdisool-60g-3","status":"publish","type":"product","link":"https:\/\/vurtsid.ee\/et\/toode\/puraviku-urdisool-60g-3\/","title":{"rendered":"Puraviku \u00fcrdisool 60g"},"content":{"rendered":"<p>Koos loodusega \u00fcks maitser\u00e4nnak !<\/p>\n","protected":false},"excerpt":{"rendered":"<div class=\"woocommerce-product-details__short-description\">\n<p>See meresoola ja kuivatatud seeni sisaldav maitseainesegu sobib suurep\u00e4raselt kana- ja sealiha ning pasta ja risoto maitsestamiseks.<\/p>\n<p>Koostisosad: meresool, kuivatatud puravik, petersell, k\u00fc\u00fcslauk, sibul, valge pipar<\/p>\n<\/div>\n","protected":false},"featured_media":29905,"template":"","meta":{"_monsterinsights_skip_tracking":false,"_monsterinsights_sitenote_active":false,"_monsterinsights_sitenote_note":"","_monsterinsights_sitenote_category":0,"_uf_show_specific_survey":0,"_uf_disable_surveys":false},"product_brand":[],"product_cat":[113,108],"product_tag":[114],"class_list":{"0":"post-10278","1":"product","2":"type-product","3":"status-publish","4":"has-post-thumbnail","6":"product_cat-kastmetesse","7":"product_cat-maitsesoolad","8":"product_tag-kastmetesse","10":"first","11":"outofstock","12":"taxable","13":"shipping-taxable","14":"purchasable","15":"product-type-simple"},"aioseo_notices":[],"_links":{"self":[{"href":"https:\/\/vurtsid.ee\/et\/wp-json\/wp\/v2\/product\/10278","targetHints":{"allow":["GET"]}}],"collection":[{"href":"https:\/\/vurtsid.ee\/et\/wp-json\/wp\/v2\/product"}],"about":[{"href":"https:\/\/vurtsid.ee\/et\/wp-json\/wp\/v2\/types\/product"}],"version-history":[{"count":1,"href":"https:\/\/vurtsid.ee\/et\/wp-json\/wp\/v2\/product\/10278\/revisions"}],"predecessor-version":[{"id":29080,"href":"https:\/\/vurtsid.ee\/et\/wp-json\/wp\/v2\/product\/10278\/revisions\/29080"}],"wp:featuredmedia":[{"embeddable":true,"href":"https:\/\/vurtsid.ee\/et\/wp-json\/wp\/v2\/media\/29905"}],"wp:attachment":[{"href":"https:\/\/vurtsid.ee\/et\/wp-json\/wp\/v2\/media?parent=10278"}],"wp:term":[{"taxonomy":"product_brand","embeddable":true,"href":"https:\/\/vurtsid.ee\/et\/wp-json\/wp\/v2\/product_brand?post=10278"},{"taxonomy":"product_cat","embeddable":true,"href":"https:\/\/vurtsid.ee\/et\/wp-json\/wp\/v2\/product_cat?post=10278"},{"taxonomy":"product_tag","embeddable":true,"href":"https:\/\/vurtsid.ee\/et\/wp-json\/wp\/v2\/product_tag?post=10278"}],"curies":[{"name":"wp","href":"https:\/\/api.w.org\/{rel}","templated":true}]}}