{"id":10296,"date":"2023-04-25T06:34:14","date_gmt":"2023-04-25T06:34:14","guid":{"rendered":"https:\/\/vurtsid.ee\/?post_type=product&#038;p=10296"},"modified":"2026-03-22T11:15:32","modified_gmt":"2026-03-22T11:15:32","slug":"suitsutatud-paprika-50g-3","status":"publish","type":"product","link":"https:\/\/vurtsid.ee\/et\/toode\/suitsutatud-paprika-50g-3\/","title":{"rendered":"Suitsutatud paprika 50g"},"content":{"rendered":"","protected":false},"excerpt":{"rendered":"<div class=\"woocommerce-product-details__short-description\">\n<p>Maguspaprika kuivatatud viljalihast tehtud jahvatatud paprikapulber, mida on pikki tunde p\u00f6\u00f6gisuitsu k\u00e4es suitsutatud. Selle maitse on s\u00fcgav, suitsune ning magus. Kasuta suitsetatud paprikat kala- ja k\u00f6\u00f6giviljaroogade maitsestamiseks, munaroogades, hautistes, marinaadides v\u00f5i traditsiooniliselt gulja\u0161i tegemiseks.<\/p>\n<\/div>\n","protected":false},"featured_media":29917,"template":"","meta":{"_monsterinsights_skip_tracking":false,"_monsterinsights_sitenote_active":false,"_monsterinsights_sitenote_note":"","_monsterinsights_sitenote_category":0,"_uf_show_specific_survey":0,"_uf_disable_surveys":false},"product_brand":[],"product_cat":[91],"product_tag":[],"class_list":{"0":"post-10296","1":"product","2":"type-product","3":"status-publish","4":"has-post-thumbnail","6":"product_cat-piprad","8":"first","9":"outofstock","10":"taxable","11":"shipping-taxable","12":"purchasable","13":"product-type-simple"},"aioseo_notices":[],"_links":{"self":[{"href":"https:\/\/vurtsid.ee\/et\/wp-json\/wp\/v2\/product\/10296","targetHints":{"allow":["GET"]}}],"collection":[{"href":"https:\/\/vurtsid.ee\/et\/wp-json\/wp\/v2\/product"}],"about":[{"href":"https:\/\/vurtsid.ee\/et\/wp-json\/wp\/v2\/types\/product"}],"version-history":[{"count":1,"href":"https:\/\/vurtsid.ee\/et\/wp-json\/wp\/v2\/product\/10296\/revisions"}],"predecessor-version":[{"id":29089,"href":"https:\/\/vurtsid.ee\/et\/wp-json\/wp\/v2\/product\/10296\/revisions\/29089"}],"wp:featuredmedia":[{"embeddable":true,"href":"https:\/\/vurtsid.ee\/et\/wp-json\/wp\/v2\/media\/29917"}],"wp:attachment":[{"href":"https:\/\/vurtsid.ee\/et\/wp-json\/wp\/v2\/media?parent=10296"}],"wp:term":[{"taxonomy":"product_brand","embeddable":true,"href":"https:\/\/vurtsid.ee\/et\/wp-json\/wp\/v2\/product_brand?post=10296"},{"taxonomy":"product_cat","embeddable":true,"href":"https:\/\/vurtsid.ee\/et\/wp-json\/wp\/v2\/product_cat?post=10296"},{"taxonomy":"product_tag","embeddable":true,"href":"https:\/\/vurtsid.ee\/et\/wp-json\/wp\/v2\/product_tag?post=10296"}],"curies":[{"name":"wp","href":"https:\/\/api.w.org\/{rel}","templated":true}]}}