{"id":10299,"date":"2023-04-25T06:34:39","date_gmt":"2023-04-25T06:34:39","guid":{"rendered":"https:\/\/vurtsid.ee\/?post_type=product&#038;p=10299"},"modified":"2026-03-03T12:53:13","modified_gmt":"2026-03-03T12:53:13","slug":"ingver-jahvatatud-50g-3","status":"publish","type":"product","link":"https:\/\/vurtsid.ee\/et\/toode\/ingver-jahvatatud-50g-3\/","title":{"rendered":"Ingver jahvatatud 40g"},"content":{"rendered":"","protected":false},"excerpt":{"rendered":"<div class=\"woocommerce-product-details__short-description\">\n<p>Kuivatatud ja peenestatud ingverijuurega maitsestatakse taignatooteid, vormiroogi, k\u00f6\u00f6giviljatoite ja kastmeid. Ingver muudab v\u00e4ga maitsvaks sealiha ning annab p\u00f5neva idamaise varjundi ka kana-, seene-, kala- ja v\u00e4hitoitudele.<\/p>\n<\/div>\n","protected":false},"featured_media":0,"template":"","meta":{"_monsterinsights_skip_tracking":false,"_monsterinsights_sitenote_active":false,"_monsterinsights_sitenote_note":"","_monsterinsights_sitenote_category":0,"_uf_show_specific_survey":0,"_uf_disable_surveys":false},"product_brand":[],"product_cat":[94],"product_tag":[],"class_list":{"0":"post-10299","1":"product","2":"type-product","3":"status-publish","5":"product_cat-puhtad-maitseained","7":"first","8":"instock","9":"taxable","10":"shipping-taxable","11":"purchasable","12":"product-type-simple"},"aioseo_notices":[],"_links":{"self":[{"href":"https:\/\/vurtsid.ee\/et\/wp-json\/wp\/v2\/product\/10299","targetHints":{"allow":["GET"]}}],"collection":[{"href":"https:\/\/vurtsid.ee\/et\/wp-json\/wp\/v2\/product"}],"about":[{"href":"https:\/\/vurtsid.ee\/et\/wp-json\/wp\/v2\/types\/product"}],"version-history":[{"count":1,"href":"https:\/\/vurtsid.ee\/et\/wp-json\/wp\/v2\/product\/10299\/revisions"}],"predecessor-version":[{"id":29090,"href":"https:\/\/vurtsid.ee\/et\/wp-json\/wp\/v2\/product\/10299\/revisions\/29090"}],"wp:attachment":[{"href":"https:\/\/vurtsid.ee\/et\/wp-json\/wp\/v2\/media?parent=10299"}],"wp:term":[{"taxonomy":"product_brand","embeddable":true,"href":"https:\/\/vurtsid.ee\/et\/wp-json\/wp\/v2\/product_brand?post=10299"},{"taxonomy":"product_cat","embeddable":true,"href":"https:\/\/vurtsid.ee\/et\/wp-json\/wp\/v2\/product_cat?post=10299"},{"taxonomy":"product_tag","embeddable":true,"href":"https:\/\/vurtsid.ee\/et\/wp-json\/wp\/v2\/product_tag?post=10299"}],"curies":[{"name":"wp","href":"https:\/\/api.w.org\/{rel}","templated":true}]}}