{"id":10301,"date":"2023-04-25T06:34:39","date_gmt":"2023-04-25T06:34:39","guid":{"rendered":"https:\/\/vurtsid.ee\/?post_type=product&#038;p=10301"},"modified":"2026-03-03T12:53:14","modified_gmt":"2026-03-03T12:53:14","slug":"kadakamari-40g-3","status":"publish","type":"product","link":"https:\/\/vurtsid.ee\/et\/toode\/kadakamari-40g-3\/","title":{"rendered":"Kadakamari 40g"},"content":{"rendered":"","protected":false},"excerpt":{"rendered":"<div class=\"woocommerce-product-details__short-description\">\n<p>Kadakamarju kasutatakse Skandinaavia, P\u00f5hja-Prantsusmaa ja Saksamaa k\u00f6\u00f6gis. Sobib kasutada looma- ja sealihamarinaadide, pasteetide, kartuli- ja hapukapsatoitudes ning lamba- ja metsloomaliha maitsestamiseks.<\/p>\n<\/div>\n","protected":false},"featured_media":0,"template":"","meta":{"_monsterinsights_skip_tracking":false,"_monsterinsights_sitenote_active":false,"_monsterinsights_sitenote_note":"","_monsterinsights_sitenote_category":0,"_uf_show_specific_survey":0,"_uf_disable_surveys":false},"product_brand":[],"product_cat":[94],"product_tag":[],"class_list":{"0":"post-10301","1":"product","2":"type-product","3":"status-publish","5":"product_cat-puhtad-maitseained","7":"first","8":"instock","9":"taxable","10":"shipping-taxable","11":"purchasable","12":"product-type-simple"},"aioseo_notices":[],"_links":{"self":[{"href":"https:\/\/vurtsid.ee\/et\/wp-json\/wp\/v2\/product\/10301","targetHints":{"allow":["GET"]}}],"collection":[{"href":"https:\/\/vurtsid.ee\/et\/wp-json\/wp\/v2\/product"}],"about":[{"href":"https:\/\/vurtsid.ee\/et\/wp-json\/wp\/v2\/types\/product"}],"version-history":[{"count":1,"href":"https:\/\/vurtsid.ee\/et\/wp-json\/wp\/v2\/product\/10301\/revisions"}],"predecessor-version":[{"id":29091,"href":"https:\/\/vurtsid.ee\/et\/wp-json\/wp\/v2\/product\/10301\/revisions\/29091"}],"wp:attachment":[{"href":"https:\/\/vurtsid.ee\/et\/wp-json\/wp\/v2\/media?parent=10301"}],"wp:term":[{"taxonomy":"product_brand","embeddable":true,"href":"https:\/\/vurtsid.ee\/et\/wp-json\/wp\/v2\/product_brand?post=10301"},{"taxonomy":"product_cat","embeddable":true,"href":"https:\/\/vurtsid.ee\/et\/wp-json\/wp\/v2\/product_cat?post=10301"},{"taxonomy":"product_tag","embeddable":true,"href":"https:\/\/vurtsid.ee\/et\/wp-json\/wp\/v2\/product_tag?post=10301"}],"curies":[{"name":"wp","href":"https:\/\/api.w.org\/{rel}","templated":true}]}}