{"id":10304,"date":"2023-04-25T06:35:06","date_gmt":"2023-04-25T06:35:06","guid":{"rendered":"https:\/\/vurtsid.ee\/?post_type=product&#038;p=10304"},"modified":"2026-03-03T12:53:15","modified_gmt":"2026-03-03T12:53:15","slug":"koriander-jahvatatud-50g-3","status":"publish","type":"product","link":"https:\/\/vurtsid.ee\/et\/toode\/koriander-jahvatatud-50g-3\/","title":{"rendered":"Koriander jahvatatud 50g"},"content":{"rendered":"","protected":false},"excerpt":{"rendered":"<p>Koriander on \u00fcks maailma vanimaid maitsetaimi, mida kasutatakse rahvameditsiinis kui ka k\u00f6\u00f6gis.<br \/>\nKoriandrit kasutatakse liha-, riisi- ja k\u00f6\u00f6givilja roogades, kastmetes, k\u00fcpsetites. Koriandri lehed kui ka varred levitavad v\u00fcrtsikat petersellil\u00f5hna, maitse aga tekitab kas suurt vaimustust v\u00f5i resoluutset vastumeelsust.<\/p>\n","protected":false},"featured_media":0,"template":"","meta":{"_monsterinsights_skip_tracking":false,"_monsterinsights_sitenote_active":false,"_monsterinsights_sitenote_note":"","_monsterinsights_sitenote_category":0,"_uf_show_specific_survey":0,"_uf_disable_surveys":false},"product_brand":[],"product_cat":[94],"product_tag":[],"class_list":{"0":"post-10304","1":"product","2":"type-product","3":"status-publish","5":"product_cat-puhtad-maitseained","7":"first","8":"instock","9":"taxable","10":"shipping-taxable","11":"purchasable","12":"product-type-simple"},"aioseo_notices":[],"_links":{"self":[{"href":"https:\/\/vurtsid.ee\/et\/wp-json\/wp\/v2\/product\/10304","targetHints":{"allow":["GET"]}}],"collection":[{"href":"https:\/\/vurtsid.ee\/et\/wp-json\/wp\/v2\/product"}],"about":[{"href":"https:\/\/vurtsid.ee\/et\/wp-json\/wp\/v2\/types\/product"}],"version-history":[{"count":1,"href":"https:\/\/vurtsid.ee\/et\/wp-json\/wp\/v2\/product\/10304\/revisions"}],"predecessor-version":[{"id":29093,"href":"https:\/\/vurtsid.ee\/et\/wp-json\/wp\/v2\/product\/10304\/revisions\/29093"}],"wp:attachment":[{"href":"https:\/\/vurtsid.ee\/et\/wp-json\/wp\/v2\/media?parent=10304"}],"wp:term":[{"taxonomy":"product_brand","embeddable":true,"href":"https:\/\/vurtsid.ee\/et\/wp-json\/wp\/v2\/product_brand?post=10304"},{"taxonomy":"product_cat","embeddable":true,"href":"https:\/\/vurtsid.ee\/et\/wp-json\/wp\/v2\/product_cat?post=10304"},{"taxonomy":"product_tag","embeddable":true,"href":"https:\/\/vurtsid.ee\/et\/wp-json\/wp\/v2\/product_tag?post=10304"}],"curies":[{"name":"wp","href":"https:\/\/api.w.org\/{rel}","templated":true}]}}