{"id":10306,"date":"2023-04-25T06:35:06","date_gmt":"2023-04-25T06:35:06","guid":{"rendered":"https:\/\/vurtsid.ee\/?post_type=product&#038;p=10306"},"modified":"2026-03-26T05:19:01","modified_gmt":"2026-03-26T05:19:01","slug":"kurkum-jahvatatud-55g-3","status":"publish","type":"product","link":"https:\/\/vurtsid.ee\/et\/toode\/kurkum-jahvatatud-55g-3\/","title":{"rendered":"Kurkum jahvatatud 55g"},"content":{"rendered":"<h2 data-section-id=\"12lljc7\" data-start=\"121\" data-end=\"169\"><strong data-start=\"124\" data-end=\"169\">Kurkum \u2013 p\u00e4ikeseline v\u00fcrts sinu toitudele<\/strong><\/h2>\n<p data-start=\"171\" data-end=\"393\"><strong data-start=\"171\" data-end=\"181\">Kurkum<\/strong> on kuldse v\u00e4rvusega v\u00fcrts, saadud <strong data-start=\"216\" data-end=\"241\">Curcuma longa juurest<\/strong>, ja see on \u00fcks t\u00e4htsamaid v\u00fcrtsiaineid L\u00f5una-Aasia k\u00f6\u00f6gis. See lisab roogadele <strong data-start=\"321\" data-end=\"390\">soojuse, kergelt m\u00f5rkja ja maheda maitse ning erksa kollase v\u00e4rvi<\/strong>.<\/p>\n<h3 data-section-id=\"1l1g45a\" data-start=\"395\" data-end=\"423\">\ud83c\udf36 <strong data-start=\"402\" data-end=\"423\">Maitse ja iseloom<\/strong><\/h3>\n<ul data-start=\"424\" data-end=\"555\">\n<li data-section-id=\"ih95ya\" data-start=\"424\" data-end=\"486\">\n<p data-start=\"426\" data-end=\"486\">Maitse: mahe, kergelt piprase noodi ja mullase alatooniga.<\/p>\n<\/li>\n<li data-section-id=\"wvo5no\" data-start=\"487\" data-end=\"555\">\n<p data-start=\"489\" data-end=\"555\">V\u00e4rv: s\u00fcgav kuldne, mis muudab toidud visuaalselt atraktiivseks.<\/p>\n<\/li>\n<\/ul>\n<h3 data-section-id=\"1eob24v\" data-start=\"557\" data-end=\"582\">\ud83c\udf7d <strong data-start=\"564\" data-end=\"582\">Kasutus k\u00f6\u00f6gis<\/strong><\/h3>\n<ul data-start=\"583\" data-end=\"843\">\n<li data-section-id=\"1ibrpbo\" data-start=\"583\" data-end=\"659\">\n<p data-start=\"585\" data-end=\"659\"><strong data-start=\"585\" data-end=\"608\">Curry ja karriroad:<\/strong> p\u00f5hikomponent Indiast, Tai ja Sri Lanka k\u00f6\u00f6gist.<\/p>\n<\/li>\n<li data-section-id=\"1uixx09\" data-start=\"660\" data-end=\"745\">\n<p data-start=\"662\" data-end=\"745\"><strong data-start=\"662\" data-end=\"686\">Riis ja k\u00f6\u00f6giviljad:<\/strong> lisa v\u00e4rvi ja maitset, n\u00e4iteks risottodes v\u00f5i hautistes.<\/p>\n<\/li>\n<li data-section-id=\"1dy2bsj\" data-start=\"746\" data-end=\"843\">\n<p data-start=\"748\" data-end=\"843\"><strong data-start=\"748\" data-end=\"774\">Jookides ja smuutides:<\/strong> terviseteadlikel inimestel populaarne \u201ckuldsed piimad\u201d ja smuutid.<\/p>\n<\/li>\n<\/ul>\n<h3 data-section-id=\"5lv2we\" data-start=\"845\" data-end=\"876\">\ud83c\udf3f <strong data-start=\"852\" data-end=\"876\">Tervis ja kasulikkus<\/strong><\/h3>\n<ul data-start=\"877\" data-end=\"1054\">\n<li data-section-id=\"1epnklm\" data-start=\"877\" data-end=\"982\">\n<p data-start=\"879\" data-end=\"982\">Kurkumi aktiivne \u00fchend <strong data-start=\"902\" data-end=\"915\">kurkumiin<\/strong> on tuntud antioks\u00fcdantsete ja p\u00f5letikuvastaste omaduste poolest.<\/p>\n<\/li>\n<li data-section-id=\"tnbajv\" data-start=\"983\" data-end=\"1054\">\n<p data-start=\"985\" data-end=\"1054\">Aitab toetada seedimist, liigeste tervist ja \u00fcldist immuuns\u00fcsteemi.<\/p>\n<\/li>\n<\/ul>\n","protected":false},"excerpt":{"rendered":"<div class=\"woocommerce-product-details__short-description\">\n<p>Kuldne v\u00fcrts karri, hautiste ja smuutide jaoks<\/p>\n<p>Kurkum on v\u00fcrtsikalt m\u00f5rkja maitse ja \u00f5rna apelsini ning ingveri aroomiga, ta annab toidule kauni \u00f5rnkollase v\u00e4rvi. Kurkum on ka India p\u00f5himaitseaine karri \u00fcks peamine komponent, teda kasutatakse juba aastatuhandeid aasia k\u00f6\u00f6gis ja meditsiinis.<\/p>\n<\/div>\n","protected":false},"featured_media":29376,"template":"","meta":{"_monsterinsights_skip_tracking":false,"_monsterinsights_sitenote_active":false,"_monsterinsights_sitenote_note":"","_monsterinsights_sitenote_category":0,"_uf_show_specific_survey":0,"_uf_disable_surveys":false},"product_brand":[],"product_cat":[94],"product_tag":[],"class_list":{"0":"post-10306","1":"product","2":"type-product","3":"status-publish","4":"has-post-thumbnail","6":"product_cat-puhtad-maitseained","8":"first","9":"instock","10":"taxable","11":"shipping-taxable","12":"purchasable","13":"product-type-simple"},"aioseo_notices":[],"_links":{"self":[{"href":"https:\/\/vurtsid.ee\/et\/wp-json\/wp\/v2\/product\/10306","targetHints":{"allow":["GET"]}}],"collection":[{"href":"https:\/\/vurtsid.ee\/et\/wp-json\/wp\/v2\/product"}],"about":[{"href":"https:\/\/vurtsid.ee\/et\/wp-json\/wp\/v2\/types\/product"}],"version-history":[{"count":5,"href":"https:\/\/vurtsid.ee\/et\/wp-json\/wp\/v2\/product\/10306\/revisions"}],"predecessor-version":[{"id":29828,"href":"https:\/\/vurtsid.ee\/et\/wp-json\/wp\/v2\/product\/10306\/revisions\/29828"}],"wp:featuredmedia":[{"embeddable":true,"href":"https:\/\/vurtsid.ee\/et\/wp-json\/wp\/v2\/media\/29376"}],"wp:attachment":[{"href":"https:\/\/vurtsid.ee\/et\/wp-json\/wp\/v2\/media?parent=10306"}],"wp:term":[{"taxonomy":"product_brand","embeddable":true,"href":"https:\/\/vurtsid.ee\/et\/wp-json\/wp\/v2\/product_brand?post=10306"},{"taxonomy":"product_cat","embeddable":true,"href":"https:\/\/vurtsid.ee\/et\/wp-json\/wp\/v2\/product_cat?post=10306"},{"taxonomy":"product_tag","embeddable":true,"href":"https:\/\/vurtsid.ee\/et\/wp-json\/wp\/v2\/product_tag?post=10306"}],"curies":[{"name":"wp","href":"https:\/\/api.w.org\/{rel}","templated":true}]}}