{"id":10319,"date":"2023-04-25T06:35:32","date_gmt":"2023-04-25T06:35:32","guid":{"rendered":"https:\/\/vurtsid.ee\/?post_type=product&#038;p=10319"},"modified":"2026-03-26T05:18:21","modified_gmt":"2026-03-26T05:18:21","slug":"sumahh-50g-3","status":"publish","type":"product","link":"https:\/\/vurtsid.ee\/et\/toode\/sumahh-50g-3\/","title":{"rendered":"Sumahh 50g"},"content":{"rendered":"","protected":false},"excerpt":{"rendered":"<div class=\"woocommerce-product-details__short-description\">\n<p>Maitseaine on magushapuka ja pikantse aroomi ning maitsega, mis on saadud \u00e4\u00e4dikapuu kuivatatud ja purustatud viljadest. Sumahh annab toitudele hapuka ning \u00f5rnalt v\u00fcrtsika maitse. Kasutatakse salatite, kebabide, suppide, jookide, veinide ja pirukat\u00e4idiste maitsestamiseks<\/p>\n<\/div>\n","protected":false},"featured_media":29826,"template":"","meta":{"_monsterinsights_skip_tracking":false,"_monsterinsights_sitenote_active":false,"_monsterinsights_sitenote_note":"","_monsterinsights_sitenote_category":0,"_uf_show_specific_survey":0,"_uf_disable_surveys":false},"product_brand":[],"product_cat":[94],"product_tag":[],"class_list":{"0":"post-10319","1":"product","2":"type-product","3":"status-publish","4":"has-post-thumbnail","6":"product_cat-puhtad-maitseained","8":"first","9":"instock","10":"taxable","11":"shipping-taxable","12":"purchasable","13":"product-type-simple"},"aioseo_notices":[],"_links":{"self":[{"href":"https:\/\/vurtsid.ee\/et\/wp-json\/wp\/v2\/product\/10319","targetHints":{"allow":["GET"]}}],"collection":[{"href":"https:\/\/vurtsid.ee\/et\/wp-json\/wp\/v2\/product"}],"about":[{"href":"https:\/\/vurtsid.ee\/et\/wp-json\/wp\/v2\/types\/product"}],"version-history":[{"count":2,"href":"https:\/\/vurtsid.ee\/et\/wp-json\/wp\/v2\/product\/10319\/revisions"}],"predecessor-version":[{"id":29827,"href":"https:\/\/vurtsid.ee\/et\/wp-json\/wp\/v2\/product\/10319\/revisions\/29827"}],"wp:featuredmedia":[{"embeddable":true,"href":"https:\/\/vurtsid.ee\/et\/wp-json\/wp\/v2\/media\/29826"}],"wp:attachment":[{"href":"https:\/\/vurtsid.ee\/et\/wp-json\/wp\/v2\/media?parent=10319"}],"wp:term":[{"taxonomy":"product_brand","embeddable":true,"href":"https:\/\/vurtsid.ee\/et\/wp-json\/wp\/v2\/product_brand?post=10319"},{"taxonomy":"product_cat","embeddable":true,"href":"https:\/\/vurtsid.ee\/et\/wp-json\/wp\/v2\/product_cat?post=10319"},{"taxonomy":"product_tag","embeddable":true,"href":"https:\/\/vurtsid.ee\/et\/wp-json\/wp\/v2\/product_tag?post=10319"}],"curies":[{"name":"wp","href":"https:\/\/api.w.org\/{rel}","templated":true}]}}