{"id":10325,"date":"2023-04-25T06:35:55","date_gmt":"2023-04-25T06:35:55","guid":{"rendered":"https:\/\/vurtsid.ee\/?post_type=product&#038;p=10325"},"modified":"2026-03-11T05:20:47","modified_gmt":"2026-03-11T05:20:47","slug":"vurtskoomned-jahvatatud-45g-2","status":"publish","type":"product","link":"https:\/\/vurtsid.ee\/et\/toode\/vurtskoomned-jahvatatud-45g-2\/","title":{"rendered":"V\u00fcrtsk\u00f6\u00f6mned jahvatatud 45g"},"content":{"rendered":"","protected":false},"excerpt":{"rendered":"<div class=\"woocommerce-product-details__short-description\">\n<p>V\u00fcrtsk\u00f6\u00f6mned on p\u00f5hiliseks maitseaineks India, Araabia ja Mehhiko k\u00f6\u00f6gis. Kasutatakse lamba-, sea-, broileri-, kala-, v\u00e4hiliste- ja erinevate taimetoitude maitsestamiseks.<\/p>\n<\/div>\n","protected":false},"featured_media":0,"template":"","meta":{"_monsterinsights_skip_tracking":false,"_monsterinsights_sitenote_active":false,"_monsterinsights_sitenote_note":"","_monsterinsights_sitenote_category":0,"_uf_show_specific_survey":0,"_uf_disable_surveys":false},"product_brand":[],"product_cat":[94],"product_tag":[],"class_list":{"0":"post-10325","1":"product","2":"type-product","3":"status-publish","5":"product_cat-puhtad-maitseained","7":"first","8":"instock","9":"sale","10":"taxable","11":"shipping-taxable","12":"purchasable","13":"product-type-simple"},"aioseo_notices":[],"_links":{"self":[{"href":"https:\/\/vurtsid.ee\/et\/wp-json\/wp\/v2\/product\/10325","targetHints":{"allow":["GET"]}}],"collection":[{"href":"https:\/\/vurtsid.ee\/et\/wp-json\/wp\/v2\/product"}],"about":[{"href":"https:\/\/vurtsid.ee\/et\/wp-json\/wp\/v2\/types\/product"}],"version-history":[{"count":1,"href":"https:\/\/vurtsid.ee\/et\/wp-json\/wp\/v2\/product\/10325\/revisions"}],"predecessor-version":[{"id":29101,"href":"https:\/\/vurtsid.ee\/et\/wp-json\/wp\/v2\/product\/10325\/revisions\/29101"}],"wp:attachment":[{"href":"https:\/\/vurtsid.ee\/et\/wp-json\/wp\/v2\/media?parent=10325"}],"wp:term":[{"taxonomy":"product_brand","embeddable":true,"href":"https:\/\/vurtsid.ee\/et\/wp-json\/wp\/v2\/product_brand?post=10325"},{"taxonomy":"product_cat","embeddable":true,"href":"https:\/\/vurtsid.ee\/et\/wp-json\/wp\/v2\/product_cat?post=10325"},{"taxonomy":"product_tag","embeddable":true,"href":"https:\/\/vurtsid.ee\/et\/wp-json\/wp\/v2\/product_tag?post=10325"}],"curies":[{"name":"wp","href":"https:\/\/api.w.org\/{rel}","templated":true}]}}