{"id":10327,"date":"2023-04-25T06:35:55","date_gmt":"2023-04-25T06:35:55","guid":{"rendered":"https:\/\/vurtsid.ee\/?post_type=product&#038;p=10327"},"modified":"2026-03-03T18:27:32","modified_gmt":"2026-03-03T18:27:32","slug":"apelsinipipar-50g-2-2","status":"publish","type":"product","link":"https:\/\/vurtsid.ee\/et\/toode\/apelsinipipar-50g-2-2\/","title":{"rendered":"Apelsinipipar 50g"},"content":{"rendered":"","protected":false},"excerpt":{"rendered":"<p>Tugeva ja aromaatse pipra- ja apelsinil\u00f5hnaga maitseaine. Sobib v\u00e4ga h\u00e4sti linnu- ja loomaliha, kala, koorikloomade, juurviljade, salatite, dippide ja muude kastmete ning maitsev\u00f5i maitsestamiseks.<br \/>\nKoostisosad: pipar, apelsin, meresool, sidrunikoor, suhkur, k\u00fc\u00fcslauk.<\/p>\n","protected":false},"featured_media":29347,"template":"","meta":{"_monsterinsights_skip_tracking":false,"_monsterinsights_sitenote_active":false,"_monsterinsights_sitenote_note":"","_monsterinsights_sitenote_category":0,"_uf_show_specific_survey":0,"_uf_disable_surveys":false},"product_brand":[],"product_cat":[101,86,91],"product_tag":[],"class_list":{"0":"post-10327","1":"product","2":"type-product","3":"status-publish","4":"has-post-thumbnail","6":"product_cat-kalale","7":"product_cat-maitseainesegud","8":"product_cat-piprad","10":"first","11":"outofstock","12":"taxable","13":"shipping-taxable","14":"purchasable","15":"product-type-simple"},"aioseo_notices":[],"_links":{"self":[{"href":"https:\/\/vurtsid.ee\/et\/wp-json\/wp\/v2\/product\/10327","targetHints":{"allow":["GET"]}}],"collection":[{"href":"https:\/\/vurtsid.ee\/et\/wp-json\/wp\/v2\/product"}],"about":[{"href":"https:\/\/vurtsid.ee\/et\/wp-json\/wp\/v2\/types\/product"}],"version-history":[{"count":1,"href":"https:\/\/vurtsid.ee\/et\/wp-json\/wp\/v2\/product\/10327\/revisions"}],"predecessor-version":[{"id":29102,"href":"https:\/\/vurtsid.ee\/et\/wp-json\/wp\/v2\/product\/10327\/revisions\/29102"}],"wp:featuredmedia":[{"embeddable":true,"href":"https:\/\/vurtsid.ee\/et\/wp-json\/wp\/v2\/media\/29347"}],"wp:attachment":[{"href":"https:\/\/vurtsid.ee\/et\/wp-json\/wp\/v2\/media?parent=10327"}],"wp:term":[{"taxonomy":"product_brand","embeddable":true,"href":"https:\/\/vurtsid.ee\/et\/wp-json\/wp\/v2\/product_brand?post=10327"},{"taxonomy":"product_cat","embeddable":true,"href":"https:\/\/vurtsid.ee\/et\/wp-json\/wp\/v2\/product_cat?post=10327"},{"taxonomy":"product_tag","embeddable":true,"href":"https:\/\/vurtsid.ee\/et\/wp-json\/wp\/v2\/product_tag?post=10327"}],"curies":[{"name":"wp","href":"https:\/\/api.w.org\/{rel}","templated":true}]}}