{"id":10328,"date":"2023-04-25T06:36:20","date_gmt":"2023-04-25T06:36:20","guid":{"rendered":"https:\/\/vurtsid.ee\/?post_type=product&#038;p=10328"},"modified":"2026-03-26T05:19:01","modified_gmt":"2026-03-26T05:19:01","slug":"cajuni-maitseainesegu-lohele-45g-2-2","status":"publish","type":"product","link":"https:\/\/vurtsid.ee\/et\/toode\/cajuni-maitseainesegu-lohele-45g-2-2\/","title":{"rendered":"Cajuni maitseainesegu l\u00f5hele 45g"},"content":{"rendered":"","protected":false},"excerpt":{"rendered":"<p>Segu on m\u00f5eldud l\u00f5he valmistamiseks ahjus. H\u00f5\u00f5ruge l\u00f5he seguga ja j\u00e4tke 30 minutiks maitsestuma, siis asetage see ahju.<\/p>\n<p>Koostisosad: meresool, paprika, v\u00fcrtsk\u00f6\u00f6mned, k\u00fc\u00fcslauk, koriandriseemned, t\u00fc\u00fcmian, must pipar, pune.<\/p>\n","protected":false},"featured_media":29352,"template":"","meta":{"_monsterinsights_skip_tracking":false,"_monsterinsights_sitenote_active":false,"_monsterinsights_sitenote_note":"","_monsterinsights_sitenote_category":0,"_uf_show_specific_survey":0,"_uf_disable_surveys":false},"product_brand":[],"product_cat":[101,86],"product_tag":[],"class_list":{"0":"post-10328","1":"product","2":"type-product","3":"status-publish","4":"has-post-thumbnail","6":"product_cat-kalale","7":"product_cat-maitseainesegud","9":"first","10":"instock","11":"taxable","12":"shipping-taxable","13":"purchasable","14":"product-type-simple"},"aioseo_notices":[],"_links":{"self":[{"href":"https:\/\/vurtsid.ee\/et\/wp-json\/wp\/v2\/product\/10328","targetHints":{"allow":["GET"]}}],"collection":[{"href":"https:\/\/vurtsid.ee\/et\/wp-json\/wp\/v2\/product"}],"about":[{"href":"https:\/\/vurtsid.ee\/et\/wp-json\/wp\/v2\/types\/product"}],"version-history":[{"count":1,"href":"https:\/\/vurtsid.ee\/et\/wp-json\/wp\/v2\/product\/10328\/revisions"}],"predecessor-version":[{"id":29103,"href":"https:\/\/vurtsid.ee\/et\/wp-json\/wp\/v2\/product\/10328\/revisions\/29103"}],"wp:featuredmedia":[{"embeddable":true,"href":"https:\/\/vurtsid.ee\/et\/wp-json\/wp\/v2\/media\/29352"}],"wp:attachment":[{"href":"https:\/\/vurtsid.ee\/et\/wp-json\/wp\/v2\/media?parent=10328"}],"wp:term":[{"taxonomy":"product_brand","embeddable":true,"href":"https:\/\/vurtsid.ee\/et\/wp-json\/wp\/v2\/product_brand?post=10328"},{"taxonomy":"product_cat","embeddable":true,"href":"https:\/\/vurtsid.ee\/et\/wp-json\/wp\/v2\/product_cat?post=10328"},{"taxonomy":"product_tag","embeddable":true,"href":"https:\/\/vurtsid.ee\/et\/wp-json\/wp\/v2\/product_tag?post=10328"}],"curies":[{"name":"wp","href":"https:\/\/api.w.org\/{rel}","templated":true}]}}