{"id":10331,"date":"2023-04-25T06:36:20","date_gmt":"2023-04-25T06:36:20","guid":{"rendered":"https:\/\/vurtsid.ee\/?post_type=product&#038;p=10331"},"modified":"2026-03-26T05:19:01","modified_gmt":"2026-03-26T05:19:01","slug":"vurtsisegu-kohvile-50g-2-2","status":"publish","type":"product","link":"https:\/\/vurtsid.ee\/et\/toode\/vurtsisegu-kohvile-50g-2-2\/","title":{"rendered":"V\u00fcrtsisegu kohvile 50g"},"content":{"rendered":"","protected":false},"excerpt":{"rendered":"<p>See v\u00fcrtsisegu on m\u00f5eldud kohvis\u00f5pradele. Selles p\u00f5imuvad nelgi v\u00fcrtsikas aroom ja kuldsete apelsinide s\u00e4rtsakas maik. Tervikuks seob selle buketi kaneel.<\/p>\n<p>Koostises on kaneel, apelsin ja nelk.<\/p>\n<p>Segu v\u00f5ib raputada tassi valmis kohvi peale v\u00f5i lisada kohvi valmistades koos kohvipuruga presskannu.<\/p>\n<p>Maitsesta maitsekalt!<\/p>\n","protected":false},"featured_media":0,"template":"","meta":{"_monsterinsights_skip_tracking":false,"_monsterinsights_sitenote_active":false,"_monsterinsights_sitenote_note":"","_monsterinsights_sitenote_category":0,"_uf_show_specific_survey":0,"_uf_disable_surveys":false},"product_brand":[],"product_cat":[107,86],"product_tag":[],"class_list":{"0":"post-10331","1":"product","2":"type-product","3":"status-publish","5":"product_cat-kohvile","6":"product_cat-maitseainesegud","8":"first","9":"outofstock","10":"taxable","11":"shipping-taxable","12":"purchasable","13":"product-type-simple"},"aioseo_notices":[],"_links":{"self":[{"href":"https:\/\/vurtsid.ee\/et\/wp-json\/wp\/v2\/product\/10331","targetHints":{"allow":["GET"]}}],"collection":[{"href":"https:\/\/vurtsid.ee\/et\/wp-json\/wp\/v2\/product"}],"about":[{"href":"https:\/\/vurtsid.ee\/et\/wp-json\/wp\/v2\/types\/product"}],"version-history":[{"count":1,"href":"https:\/\/vurtsid.ee\/et\/wp-json\/wp\/v2\/product\/10331\/revisions"}],"predecessor-version":[{"id":29106,"href":"https:\/\/vurtsid.ee\/et\/wp-json\/wp\/v2\/product\/10331\/revisions\/29106"}],"wp:attachment":[{"href":"https:\/\/vurtsid.ee\/et\/wp-json\/wp\/v2\/media?parent=10331"}],"wp:term":[{"taxonomy":"product_brand","embeddable":true,"href":"https:\/\/vurtsid.ee\/et\/wp-json\/wp\/v2\/product_brand?post=10331"},{"taxonomy":"product_cat","embeddable":true,"href":"https:\/\/vurtsid.ee\/et\/wp-json\/wp\/v2\/product_cat?post=10331"},{"taxonomy":"product_tag","embeddable":true,"href":"https:\/\/vurtsid.ee\/et\/wp-json\/wp\/v2\/product_tag?post=10331"}],"curies":[{"name":"wp","href":"https:\/\/api.w.org\/{rel}","templated":true}]}}