{"id":10335,"date":"2023-04-25T06:36:41","date_gmt":"2023-04-25T06:36:41","guid":{"rendered":"https:\/\/vurtsid.ee\/?post_type=product&#038;p=10335"},"modified":"2026-03-26T05:18:21","modified_gmt":"2026-03-26T05:18:21","slug":"maitseainesegu-sealihale-40g-2-2","status":"publish","type":"product","link":"https:\/\/vurtsid.ee\/et\/toode\/maitseainesegu-sealihale-40g-2-2\/","title":{"rendered":"Maitseainesegu sealihale 40g"},"content":{"rendered":"","protected":false},"excerpt":{"rendered":"<div class=\"short-description\">Maitseainesegu on m\u00f5eldud ahju- ja grill liha maitsestamiseks.<\/div>\n<div class=\"short-description\">Koostisosad: meresool, t\u0161illi, must pipar, sibul, k\u00fc\u00fcslauk, sinepiseemned, loorber, paprika, ingver, t\u00fc\u00fcmian, koriander, salvei.<\/div>\n","protected":false},"featured_media":29386,"template":"","meta":{"_monsterinsights_skip_tracking":false,"_monsterinsights_sitenote_active":false,"_monsterinsights_sitenote_note":"","_monsterinsights_sitenote_category":0,"_uf_show_specific_survey":0,"_uf_disable_surveys":false},"product_brand":[],"product_cat":[104,86],"product_tag":[],"class_list":{"0":"post-10335","1":"product","2":"type-product","3":"status-publish","4":"has-post-thumbnail","6":"product_cat-lihatoidud","7":"product_cat-maitseainesegud","9":"first","10":"instock","11":"taxable","12":"shipping-taxable","13":"purchasable","14":"product-type-simple"},"aioseo_notices":[],"_links":{"self":[{"href":"https:\/\/vurtsid.ee\/et\/wp-json\/wp\/v2\/product\/10335","targetHints":{"allow":["GET"]}}],"collection":[{"href":"https:\/\/vurtsid.ee\/et\/wp-json\/wp\/v2\/product"}],"about":[{"href":"https:\/\/vurtsid.ee\/et\/wp-json\/wp\/v2\/types\/product"}],"version-history":[{"count":2,"href":"https:\/\/vurtsid.ee\/et\/wp-json\/wp\/v2\/product\/10335\/revisions"}],"predecessor-version":[{"id":29417,"href":"https:\/\/vurtsid.ee\/et\/wp-json\/wp\/v2\/product\/10335\/revisions\/29417"}],"wp:featuredmedia":[{"embeddable":true,"href":"https:\/\/vurtsid.ee\/et\/wp-json\/wp\/v2\/media\/29386"}],"wp:attachment":[{"href":"https:\/\/vurtsid.ee\/et\/wp-json\/wp\/v2\/media?parent=10335"}],"wp:term":[{"taxonomy":"product_brand","embeddable":true,"href":"https:\/\/vurtsid.ee\/et\/wp-json\/wp\/v2\/product_brand?post=10335"},{"taxonomy":"product_cat","embeddable":true,"href":"https:\/\/vurtsid.ee\/et\/wp-json\/wp\/v2\/product_cat?post=10335"},{"taxonomy":"product_tag","embeddable":true,"href":"https:\/\/vurtsid.ee\/et\/wp-json\/wp\/v2\/product_tag?post=10335"}],"curies":[{"name":"wp","href":"https:\/\/api.w.org\/{rel}","templated":true}]}}