{"id":10341,"date":"2023-04-25T06:37:07","date_gmt":"2023-04-25T06:37:07","guid":{"rendered":"https:\/\/vurtsid.ee\/?post_type=product&#038;p=10341"},"modified":"2026-03-26T05:19:01","modified_gmt":"2026-03-26T05:19:01","slug":"sartsakas-maitseainesegu-lihale-55g-2-2","status":"publish","type":"product","link":"https:\/\/vurtsid.ee\/et\/toode\/sartsakas-maitseainesegu-lihale-55g-2-2\/","title":{"rendered":"S\u00e4rtsakas maitseainesegu lihale 55g"},"content":{"rendered":"","protected":false},"excerpt":{"rendered":"<div class=\"short-description\">Maitseainesegus on omavahel segunenud suitsupaprika h\u00f5rk aroom, nelgi v\u00fcrtsikus ja t\u0161illipipra krehvtisus, mis annavad ahju- v\u00f5i grilllihale suurep\u00e4rase maitseelamuse.<\/div>\n<div class=\"short-description\">Koostisosad: sibul, k\u00fc\u00fcslauk, roosuhkur, meresool, suitsupaprika, t\u0161illi, v\u00fcrts, Cayenne pipar, tilliseemned, nelk, seller, sinepipulber.<\/div>\n","protected":false},"featured_media":29323,"template":"","meta":{"_monsterinsights_skip_tracking":false,"_monsterinsights_sitenote_active":false,"_monsterinsights_sitenote_note":"","_monsterinsights_sitenote_category":0,"_uf_show_specific_survey":0,"_uf_disable_surveys":false},"product_brand":[],"product_cat":[104,86],"product_tag":[],"class_list":{"0":"post-10341","1":"product","2":"type-product","3":"status-publish","4":"has-post-thumbnail","6":"product_cat-lihatoidud","7":"product_cat-maitseainesegud","9":"first","10":"instock","11":"taxable","12":"shipping-taxable","13":"purchasable","14":"product-type-simple"},"aioseo_notices":[],"_links":{"self":[{"href":"https:\/\/vurtsid.ee\/et\/wp-json\/wp\/v2\/product\/10341","targetHints":{"allow":["GET"]}}],"collection":[{"href":"https:\/\/vurtsid.ee\/et\/wp-json\/wp\/v2\/product"}],"about":[{"href":"https:\/\/vurtsid.ee\/et\/wp-json\/wp\/v2\/types\/product"}],"version-history":[{"count":1,"href":"https:\/\/vurtsid.ee\/et\/wp-json\/wp\/v2\/product\/10341\/revisions"}],"predecessor-version":[{"id":29115,"href":"https:\/\/vurtsid.ee\/et\/wp-json\/wp\/v2\/product\/10341\/revisions\/29115"}],"wp:featuredmedia":[{"embeddable":true,"href":"https:\/\/vurtsid.ee\/et\/wp-json\/wp\/v2\/media\/29323"}],"wp:attachment":[{"href":"https:\/\/vurtsid.ee\/et\/wp-json\/wp\/v2\/media?parent=10341"}],"wp:term":[{"taxonomy":"product_brand","embeddable":true,"href":"https:\/\/vurtsid.ee\/et\/wp-json\/wp\/v2\/product_brand?post=10341"},{"taxonomy":"product_cat","embeddable":true,"href":"https:\/\/vurtsid.ee\/et\/wp-json\/wp\/v2\/product_cat?post=10341"},{"taxonomy":"product_tag","embeddable":true,"href":"https:\/\/vurtsid.ee\/et\/wp-json\/wp\/v2\/product_tag?post=10341"}],"curies":[{"name":"wp","href":"https:\/\/api.w.org\/{rel}","templated":true}]}}