{"id":10359,"date":"2023-04-25T06:37:31","date_gmt":"2023-04-25T06:37:31","guid":{"rendered":"https:\/\/vurtsid.ee\/?post_type=product&#038;p=10359"},"modified":"2026-03-26T05:17:47","modified_gmt":"2026-03-26T05:17:47","slug":"maitseainesegu-riisile-50g-2-2","status":"publish","type":"product","link":"https:\/\/vurtsid.ee\/et\/toode\/maitseainesegu-riisile-50g-2-2\/","title":{"rendered":"Maitseainesegu riisile 50g"},"content":{"rendered":"","protected":false},"excerpt":{"rendered":"<p>Segu, kus omavahel on segatud erinevad idamaised maitseained annab riisiroogadele v\u00e4ga h\u00f5rgu aroomi ja maitse.<\/p>\n<p>Koostisosad: sibul, kurkum, ingver, sool, korjander, k\u00fc\u00fcslauk, paprika, kardemon, t\u0161illi, must pipar, rosmariin, loorber, k\u00f6\u00f6mned, v\u00fcrtsk\u00f6\u00f6mned.<\/p>\n","protected":false},"featured_media":29385,"template":"","meta":{"_monsterinsights_skip_tracking":false,"_monsterinsights_sitenote_active":false,"_monsterinsights_sitenote_note":"","_monsterinsights_sitenote_category":0,"_uf_show_specific_survey":0,"_uf_disable_surveys":false},"product_brand":[],"product_cat":[86,103,100],"product_tag":[],"class_list":{"0":"post-10359","1":"product","2":"type-product","3":"status-publish","4":"has-post-thumbnail","6":"product_cat-maitseainesegud","7":"product_cat-riisitoidud","8":"product_cat-taimetoidud","10":"first","11":"instock","12":"taxable","13":"shipping-taxable","14":"purchasable","15":"product-type-simple"},"aioseo_notices":[],"_links":{"self":[{"href":"https:\/\/vurtsid.ee\/et\/wp-json\/wp\/v2\/product\/10359","targetHints":{"allow":["GET"]}}],"collection":[{"href":"https:\/\/vurtsid.ee\/et\/wp-json\/wp\/v2\/product"}],"about":[{"href":"https:\/\/vurtsid.ee\/et\/wp-json\/wp\/v2\/types\/product"}],"version-history":[{"count":1,"href":"https:\/\/vurtsid.ee\/et\/wp-json\/wp\/v2\/product\/10359\/revisions"}],"predecessor-version":[{"id":29128,"href":"https:\/\/vurtsid.ee\/et\/wp-json\/wp\/v2\/product\/10359\/revisions\/29128"}],"wp:featuredmedia":[{"embeddable":true,"href":"https:\/\/vurtsid.ee\/et\/wp-json\/wp\/v2\/media\/29385"}],"wp:attachment":[{"href":"https:\/\/vurtsid.ee\/et\/wp-json\/wp\/v2\/media?parent=10359"}],"wp:term":[{"taxonomy":"product_brand","embeddable":true,"href":"https:\/\/vurtsid.ee\/et\/wp-json\/wp\/v2\/product_brand?post=10359"},{"taxonomy":"product_cat","embeddable":true,"href":"https:\/\/vurtsid.ee\/et\/wp-json\/wp\/v2\/product_cat?post=10359"},{"taxonomy":"product_tag","embeddable":true,"href":"https:\/\/vurtsid.ee\/et\/wp-json\/wp\/v2\/product_tag?post=10359"}],"curies":[{"name":"wp","href":"https:\/\/api.w.org\/{rel}","templated":true}]}}