{"id":10368,"date":"2023-04-25T06:37:31","date_gmt":"2023-04-25T06:37:31","guid":{"rendered":"https:\/\/vurtsid.ee\/?post_type=product&#038;p=10368"},"modified":"2026-03-05T17:54:20","modified_gmt":"2026-03-05T17:54:20","slug":"suitsutatud-paprika-50g-2-2","status":"publish","type":"product","link":"https:\/\/vurtsid.ee\/et\/toode\/suitsutatud-paprika-50g-2-2\/","title":{"rendered":"Suitsutatud paprika 50g"},"content":{"rendered":"","protected":false},"excerpt":{"rendered":"<p>Maguspaprika kuivatatud viljalihast tehtud jahvatatud paprikapulber, mida on pikki tunde p\u00f6\u00f6gisuitsu k\u00e4es suitsetatud. Selle maitse on s\u00fcgav, suitsune ning magus. Kasuta suitsetatud paprikat kala- ja k\u00f6\u00f6giviljaroogade maitsestamiseks, munaroogades, hautistes, marinaadides v\u00f5i traditsiooniliselt gulja\u0161i tegemiseks.<\/p>\n","protected":false},"featured_media":29320,"template":"","meta":{"_monsterinsights_skip_tracking":false,"_monsterinsights_sitenote_active":false,"_monsterinsights_sitenote_note":"","_monsterinsights_sitenote_category":0,"_uf_show_specific_survey":0,"_uf_disable_surveys":false},"product_brand":[],"product_cat":[91],"product_tag":[],"class_list":{"0":"post-10368","1":"product","2":"type-product","3":"status-publish","4":"has-post-thumbnail","6":"product_cat-piprad","8":"first","9":"outofstock","10":"taxable","11":"shipping-taxable","12":"purchasable","13":"product-type-simple"},"aioseo_notices":[],"_links":{"self":[{"href":"https:\/\/vurtsid.ee\/et\/wp-json\/wp\/v2\/product\/10368","targetHints":{"allow":["GET"]}}],"collection":[{"href":"https:\/\/vurtsid.ee\/et\/wp-json\/wp\/v2\/product"}],"about":[{"href":"https:\/\/vurtsid.ee\/et\/wp-json\/wp\/v2\/types\/product"}],"version-history":[{"count":1,"href":"https:\/\/vurtsid.ee\/et\/wp-json\/wp\/v2\/product\/10368\/revisions"}],"predecessor-version":[{"id":29136,"href":"https:\/\/vurtsid.ee\/et\/wp-json\/wp\/v2\/product\/10368\/revisions\/29136"}],"wp:featuredmedia":[{"embeddable":true,"href":"https:\/\/vurtsid.ee\/et\/wp-json\/wp\/v2\/media\/29320"}],"wp:attachment":[{"href":"https:\/\/vurtsid.ee\/et\/wp-json\/wp\/v2\/media?parent=10368"}],"wp:term":[{"taxonomy":"product_brand","embeddable":true,"href":"https:\/\/vurtsid.ee\/et\/wp-json\/wp\/v2\/product_brand?post=10368"},{"taxonomy":"product_cat","embeddable":true,"href":"https:\/\/vurtsid.ee\/et\/wp-json\/wp\/v2\/product_cat?post=10368"},{"taxonomy":"product_tag","embeddable":true,"href":"https:\/\/vurtsid.ee\/et\/wp-json\/wp\/v2\/product_tag?post=10368"}],"curies":[{"name":"wp","href":"https:\/\/api.w.org\/{rel}","templated":true}]}}