{"id":10369,"date":"2023-04-25T06:37:32","date_gmt":"2023-04-25T06:37:32","guid":{"rendered":"https:\/\/vurtsid.ee\/?post_type=product&#038;p=10369"},"modified":"2026-03-26T05:17:47","modified_gmt":"2026-03-26T05:17:47","slug":"tsilli-helbed-45g-2-2","status":"publish","type":"product","link":"https:\/\/vurtsid.ee\/et\/toode\/tsilli-helbed-45g-2-2\/","title":{"rendered":"T\u0161illihelbed 45g"},"content":{"rendered":"","protected":false},"excerpt":{"rendered":"<p class=\"elementtoproof\" style=\"margin-bottom: 7.95pt; line-height: 107%;\"><span style=\"color: black;\">Seda Mehhiko k\u00f6\u00f6gi \u00fcht p\u00f5himaitseainet kasutatakse grillitud, praetud ja hautatud liha ja kala, kastmete, munatoitude, risoto ning hakklihast, ubadest ja tomatitest valmistatud Mehhiko-p\u00e4raste toitude puhul.<\/span><\/p>\n","protected":false},"featured_media":29329,"template":"","meta":{"_monsterinsights_skip_tracking":false,"_monsterinsights_sitenote_active":false,"_monsterinsights_sitenote_note":"","_monsterinsights_sitenote_category":0,"_uf_show_specific_survey":0,"_uf_disable_surveys":false},"product_brand":[],"product_cat":[91,94],"product_tag":[],"class_list":{"0":"post-10369","1":"product","2":"type-product","3":"status-publish","4":"has-post-thumbnail","6":"product_cat-piprad","7":"product_cat-puhtad-maitseained","9":"first","10":"instock","11":"taxable","12":"shipping-taxable","13":"purchasable","14":"product-type-simple"},"aioseo_notices":[],"_links":{"self":[{"href":"https:\/\/vurtsid.ee\/et\/wp-json\/wp\/v2\/product\/10369","targetHints":{"allow":["GET"]}}],"collection":[{"href":"https:\/\/vurtsid.ee\/et\/wp-json\/wp\/v2\/product"}],"about":[{"href":"https:\/\/vurtsid.ee\/et\/wp-json\/wp\/v2\/types\/product"}],"version-history":[{"count":1,"href":"https:\/\/vurtsid.ee\/et\/wp-json\/wp\/v2\/product\/10369\/revisions"}],"predecessor-version":[{"id":29137,"href":"https:\/\/vurtsid.ee\/et\/wp-json\/wp\/v2\/product\/10369\/revisions\/29137"}],"wp:featuredmedia":[{"embeddable":true,"href":"https:\/\/vurtsid.ee\/et\/wp-json\/wp\/v2\/media\/29329"}],"wp:attachment":[{"href":"https:\/\/vurtsid.ee\/et\/wp-json\/wp\/v2\/media?parent=10369"}],"wp:term":[{"taxonomy":"product_brand","embeddable":true,"href":"https:\/\/vurtsid.ee\/et\/wp-json\/wp\/v2\/product_brand?post=10369"},{"taxonomy":"product_cat","embeddable":true,"href":"https:\/\/vurtsid.ee\/et\/wp-json\/wp\/v2\/product_cat?post=10369"},{"taxonomy":"product_tag","embeddable":true,"href":"https:\/\/vurtsid.ee\/et\/wp-json\/wp\/v2\/product_tag?post=10369"}],"curies":[{"name":"wp","href":"https:\/\/api.w.org\/{rel}","templated":true}]}}