{"id":10378,"date":"2023-04-25T06:37:32","date_gmt":"2023-04-25T06:37:32","guid":{"rendered":"https:\/\/vurtsid.ee\/?post_type=product&#038;p=10378"},"modified":"2026-03-09T06:50:31","modified_gmt":"2026-03-09T06:50:31","slug":"kurkum-jahvatatud-55g-2-2","status":"publish","type":"product","link":"https:\/\/vurtsid.ee\/et\/toode\/kurkum-jahvatatud-55g-2-2\/","title":{"rendered":"Kurkum jahvatatud 55g"},"content":{"rendered":"","protected":false},"excerpt":{"rendered":"<p>Kurkum on v\u00fcrtsikalt m\u00f5rkja maitse ja \u00f5rna apelsini ning ingveri aroomiga, ta annab toidule kauni \u00f5rnkollase v\u00e4rvi. Kurkum on ka India p\u00f5himaitseaine karri \u00fcks peamine komponent, teda kasutatakse juba aastatuhandeid aasia k\u00f6\u00f6gis ja meditsiinis.<\/p>\n","protected":false},"featured_media":29469,"template":"","meta":{"_monsterinsights_skip_tracking":false,"_monsterinsights_sitenote_active":false,"_monsterinsights_sitenote_note":"","_monsterinsights_sitenote_category":0,"_uf_show_specific_survey":0,"_uf_disable_surveys":false},"product_brand":[],"product_cat":[94],"product_tag":[],"class_list":{"0":"post-10378","1":"product","2":"type-product","3":"status-publish","4":"has-post-thumbnail","6":"product_cat-puhtad-maitseained","8":"first","9":"instock","10":"taxable","11":"shipping-taxable","12":"purchasable","13":"product-type-simple"},"aioseo_notices":[],"_links":{"self":[{"href":"https:\/\/vurtsid.ee\/et\/wp-json\/wp\/v2\/product\/10378","targetHints":{"allow":["GET"]}}],"collection":[{"href":"https:\/\/vurtsid.ee\/et\/wp-json\/wp\/v2\/product"}],"about":[{"href":"https:\/\/vurtsid.ee\/et\/wp-json\/wp\/v2\/types\/product"}],"version-history":[{"count":2,"href":"https:\/\/vurtsid.ee\/et\/wp-json\/wp\/v2\/product\/10378\/revisions"}],"predecessor-version":[{"id":29476,"href":"https:\/\/vurtsid.ee\/et\/wp-json\/wp\/v2\/product\/10378\/revisions\/29476"}],"wp:featuredmedia":[{"embeddable":true,"href":"https:\/\/vurtsid.ee\/et\/wp-json\/wp\/v2\/media\/29469"}],"wp:attachment":[{"href":"https:\/\/vurtsid.ee\/et\/wp-json\/wp\/v2\/media?parent=10378"}],"wp:term":[{"taxonomy":"product_brand","embeddable":true,"href":"https:\/\/vurtsid.ee\/et\/wp-json\/wp\/v2\/product_brand?post=10378"},{"taxonomy":"product_cat","embeddable":true,"href":"https:\/\/vurtsid.ee\/et\/wp-json\/wp\/v2\/product_cat?post=10378"},{"taxonomy":"product_tag","embeddable":true,"href":"https:\/\/vurtsid.ee\/et\/wp-json\/wp\/v2\/product_tag?post=10378"}],"curies":[{"name":"wp","href":"https:\/\/api.w.org\/{rel}","templated":true}]}}