{"id":10385,"date":"2023-04-25T06:37:36","date_gmt":"2023-04-25T06:37:36","guid":{"rendered":"https:\/\/vurtsid.ee\/?post_type=product&#038;p=10385"},"modified":"2026-03-26T05:16:50","modified_gmt":"2026-03-26T05:16:50","slug":"lambalaats-80g-2-2","status":"publish","type":"product","link":"https:\/\/vurtsid.ee\/et\/toode\/lambalaats-80g-2-2\/","title":{"rendered":"Lambal\u00e4\u00e4ts 80g"},"content":{"rendered":"<h3>Nipp toidutegemisel<\/h3>\n<p>Lambal\u00e4\u00e4tse seemned v\u00f5ivad olla kibedad, kui neid kasutatakse toorelt. Kibeduse v\u00e4hendamiseks r\u00f6sti seemneid kergelt kuival pannil m\u00f5ni minut, kuni need muutuvad kuldseks ja l\u00f5hnavaks. V\u00f5id ka seemneid enne kasutamist m\u00f5ne tunni vees leotada \u2013 see teeb need pehmemaks ja leebemaks.<\/p>\n","protected":false},"excerpt":{"rendered":"<p>Kasutatakse rohkelt Iraani ja India k\u00f6\u00f6gis. Segatakse palju erinevatesse v\u00fcrtsisegudesse ja karripulbritesse. Maitselt m\u00f5rkjas-magus.<\/p>\n","protected":false},"featured_media":29381,"template":"","meta":{"_monsterinsights_skip_tracking":false,"_monsterinsights_sitenote_active":false,"_monsterinsights_sitenote_note":"","_monsterinsights_sitenote_category":0,"_uf_show_specific_survey":0,"_uf_disable_surveys":false},"product_brand":[],"product_cat":[94],"product_tag":[],"class_list":{"0":"post-10385","1":"product","2":"type-product","3":"status-publish","4":"has-post-thumbnail","6":"product_cat-puhtad-maitseained","8":"first","9":"instock","10":"taxable","11":"shipping-taxable","12":"purchasable","13":"product-type-simple"},"aioseo_notices":[],"_links":{"self":[{"href":"https:\/\/vurtsid.ee\/et\/wp-json\/wp\/v2\/product\/10385","targetHints":{"allow":["GET"]}}],"collection":[{"href":"https:\/\/vurtsid.ee\/et\/wp-json\/wp\/v2\/product"}],"about":[{"href":"https:\/\/vurtsid.ee\/et\/wp-json\/wp\/v2\/types\/product"}],"version-history":[{"count":1,"href":"https:\/\/vurtsid.ee\/et\/wp-json\/wp\/v2\/product\/10385\/revisions"}],"predecessor-version":[{"id":29146,"href":"https:\/\/vurtsid.ee\/et\/wp-json\/wp\/v2\/product\/10385\/revisions\/29146"}],"wp:featuredmedia":[{"embeddable":true,"href":"https:\/\/vurtsid.ee\/et\/wp-json\/wp\/v2\/media\/29381"}],"wp:attachment":[{"href":"https:\/\/vurtsid.ee\/et\/wp-json\/wp\/v2\/media?parent=10385"}],"wp:term":[{"taxonomy":"product_brand","embeddable":true,"href":"https:\/\/vurtsid.ee\/et\/wp-json\/wp\/v2\/product_brand?post=10385"},{"taxonomy":"product_cat","embeddable":true,"href":"https:\/\/vurtsid.ee\/et\/wp-json\/wp\/v2\/product_cat?post=10385"},{"taxonomy":"product_tag","embeddable":true,"href":"https:\/\/vurtsid.ee\/et\/wp-json\/wp\/v2\/product_tag?post=10385"}],"curies":[{"name":"wp","href":"https:\/\/api.w.org\/{rel}","templated":true}]}}