{"id":10387,"date":"2023-04-25T06:37:36","date_gmt":"2023-04-25T06:37:36","guid":{"rendered":"https:\/\/vurtsid.ee\/?post_type=product&#038;p=10387"},"modified":"2026-03-11T05:24:53","modified_gmt":"2026-03-11T05:24:53","slug":"jahvatatud-kardemon-45g-2-2","status":"publish","type":"product","link":"https:\/\/vurtsid.ee\/et\/toode\/jahvatatud-kardemon-45g-2-2\/","title":{"rendered":"Jahvatatud kardemon 45g"},"content":{"rendered":"","protected":false},"excerpt":{"rendered":"<p>Kardemoni eksootiline maitse tuleb eriti h\u00e4sti v\u00e4lja soolastes roogades. Kasutatakse kana- ja lambalihatoitude, k\u00fcpsetiste, puuviljasalati ning kuumade jookide (h\u00f5\u00f5gvein, kohv) maitsestamiseks.<\/p>\n","protected":false},"featured_media":29362,"template":"","meta":{"_monsterinsights_skip_tracking":false,"_monsterinsights_sitenote_active":false,"_monsterinsights_sitenote_note":"","_monsterinsights_sitenote_category":0,"_uf_show_specific_survey":0,"_uf_disable_surveys":false},"product_brand":[],"product_cat":[93,94],"product_tag":[],"class_list":{"0":"post-10387","1":"product","2":"type-product","3":"status-publish","4":"has-post-thumbnail","6":"product_cat-magustoidud","7":"product_cat-puhtad-maitseained","9":"first","10":"instock","11":"sale","12":"taxable","13":"shipping-taxable","14":"purchasable","15":"product-type-simple"},"aioseo_notices":[],"_links":{"self":[{"href":"https:\/\/vurtsid.ee\/et\/wp-json\/wp\/v2\/product\/10387","targetHints":{"allow":["GET"]}}],"collection":[{"href":"https:\/\/vurtsid.ee\/et\/wp-json\/wp\/v2\/product"}],"about":[{"href":"https:\/\/vurtsid.ee\/et\/wp-json\/wp\/v2\/types\/product"}],"version-history":[{"count":1,"href":"https:\/\/vurtsid.ee\/et\/wp-json\/wp\/v2\/product\/10387\/revisions"}],"predecessor-version":[{"id":29147,"href":"https:\/\/vurtsid.ee\/et\/wp-json\/wp\/v2\/product\/10387\/revisions\/29147"}],"wp:featuredmedia":[{"embeddable":true,"href":"https:\/\/vurtsid.ee\/et\/wp-json\/wp\/v2\/media\/29362"}],"wp:attachment":[{"href":"https:\/\/vurtsid.ee\/et\/wp-json\/wp\/v2\/media?parent=10387"}],"wp:term":[{"taxonomy":"product_brand","embeddable":true,"href":"https:\/\/vurtsid.ee\/et\/wp-json\/wp\/v2\/product_brand?post=10387"},{"taxonomy":"product_cat","embeddable":true,"href":"https:\/\/vurtsid.ee\/et\/wp-json\/wp\/v2\/product_cat?post=10387"},{"taxonomy":"product_tag","embeddable":true,"href":"https:\/\/vurtsid.ee\/et\/wp-json\/wp\/v2\/product_tag?post=10387"}],"curies":[{"name":"wp","href":"https:\/\/api.w.org\/{rel}","templated":true}]}}