{"id":10393,"date":"2023-04-25T06:37:36","date_gmt":"2023-04-25T06:37:36","guid":{"rendered":"https:\/\/vurtsid.ee\/?post_type=product&#038;p=10393"},"modified":"2026-03-26T05:17:47","modified_gmt":"2026-03-26T05:17:47","slug":"rosmariin-20g-2-2","status":"publish","type":"product","link":"https:\/\/vurtsid.ee\/et\/toode\/rosmariin-20g-2-2\/","title":{"rendered":"Rosmariin 20g"},"content":{"rendered":"","protected":false},"excerpt":{"rendered":"<p>Omap\u00e4rase, veidi kampri-m\u00e4nniokka l\u00f5hna meenutava ning kibe-m\u00f5ru v\u00fcrtsika maitsega Vahemeremaadelt p\u00e4rinev maitsetaim. Rosmariini kasutatakse tugeva maitselistes toitudes. Sobib eelk\u00f5ige lamba-, vasika- ja kanaliha juurde. Eriti h\u00e4sti sobib rosmariin ulukilihast toitudesse.<\/p>\n","protected":false},"featured_media":29406,"template":"","meta":{"_monsterinsights_skip_tracking":false,"_monsterinsights_sitenote_active":false,"_monsterinsights_sitenote_note":"","_monsterinsights_sitenote_category":0,"_uf_show_specific_survey":0,"_uf_disable_surveys":false},"product_brand":[],"product_cat":[94],"product_tag":[],"class_list":{"0":"post-10393","1":"product","2":"type-product","3":"status-publish","4":"has-post-thumbnail","6":"product_cat-puhtad-maitseained","8":"first","9":"instock","10":"taxable","11":"shipping-taxable","12":"purchasable","13":"product-type-simple"},"aioseo_notices":[],"_links":{"self":[{"href":"https:\/\/vurtsid.ee\/et\/wp-json\/wp\/v2\/product\/10393","targetHints":{"allow":["GET"]}}],"collection":[{"href":"https:\/\/vurtsid.ee\/et\/wp-json\/wp\/v2\/product"}],"about":[{"href":"https:\/\/vurtsid.ee\/et\/wp-json\/wp\/v2\/types\/product"}],"version-history":[{"count":1,"href":"https:\/\/vurtsid.ee\/et\/wp-json\/wp\/v2\/product\/10393\/revisions"}],"predecessor-version":[{"id":29151,"href":"https:\/\/vurtsid.ee\/et\/wp-json\/wp\/v2\/product\/10393\/revisions\/29151"}],"wp:featuredmedia":[{"embeddable":true,"href":"https:\/\/vurtsid.ee\/et\/wp-json\/wp\/v2\/media\/29406"}],"wp:attachment":[{"href":"https:\/\/vurtsid.ee\/et\/wp-json\/wp\/v2\/media?parent=10393"}],"wp:term":[{"taxonomy":"product_brand","embeddable":true,"href":"https:\/\/vurtsid.ee\/et\/wp-json\/wp\/v2\/product_brand?post=10393"},{"taxonomy":"product_cat","embeddable":true,"href":"https:\/\/vurtsid.ee\/et\/wp-json\/wp\/v2\/product_cat?post=10393"},{"taxonomy":"product_tag","embeddable":true,"href":"https:\/\/vurtsid.ee\/et\/wp-json\/wp\/v2\/product_tag?post=10393"}],"curies":[{"name":"wp","href":"https:\/\/api.w.org\/{rel}","templated":true}]}}