{"id":10394,"date":"2023-04-25T06:37:36","date_gmt":"2023-04-25T06:37:36","guid":{"rendered":"https:\/\/vurtsid.ee\/?post_type=product&#038;p=10394"},"modified":"2026-03-26T05:19:01","modified_gmt":"2026-03-26T05:19:01","slug":"pune-25g-2-2","status":"publish","type":"product","link":"https:\/\/vurtsid.ee\/et\/toode\/pune-25g-2-2\/","title":{"rendered":"Pune 25g"},"content":{"rendered":"","protected":false},"excerpt":{"rendered":"<p>Pune ehk oregano ehk m\u00e4gimajoraan. Itaalia, Kreeka ja Mehhiko k\u00f6\u00f6gi lemmikv\u00fcrts. Maitse meenutab majoraani ja t\u00fc\u00fcmiani. Aroom s\u00e4ilib ka kuivatatult. Lisa toidule veidi enne valmimist. Sobib h\u00e4sti lauamaitseianeks. Pitsa, taimetoitude, kala- ja seenetoitude, risoto ja pastaroogade maitsestamiseks.<\/p>\n","protected":false},"featured_media":0,"template":"","meta":{"_monsterinsights_skip_tracking":false,"_monsterinsights_sitenote_active":false,"_monsterinsights_sitenote_note":"","_monsterinsights_sitenote_category":0,"_uf_show_specific_survey":0,"_uf_disable_surveys":false},"product_brand":[],"product_cat":[94],"product_tag":[],"class_list":{"0":"post-10394","1":"product","2":"type-product","3":"status-publish","5":"product_cat-puhtad-maitseained","7":"first","8":"instock","9":"taxable","10":"shipping-taxable","11":"purchasable","12":"product-type-simple"},"aioseo_notices":[],"_links":{"self":[{"href":"https:\/\/vurtsid.ee\/et\/wp-json\/wp\/v2\/product\/10394","targetHints":{"allow":["GET"]}}],"collection":[{"href":"https:\/\/vurtsid.ee\/et\/wp-json\/wp\/v2\/product"}],"about":[{"href":"https:\/\/vurtsid.ee\/et\/wp-json\/wp\/v2\/types\/product"}],"version-history":[{"count":1,"href":"https:\/\/vurtsid.ee\/et\/wp-json\/wp\/v2\/product\/10394\/revisions"}],"predecessor-version":[{"id":29152,"href":"https:\/\/vurtsid.ee\/et\/wp-json\/wp\/v2\/product\/10394\/revisions\/29152"}],"wp:attachment":[{"href":"https:\/\/vurtsid.ee\/et\/wp-json\/wp\/v2\/media?parent=10394"}],"wp:term":[{"taxonomy":"product_brand","embeddable":true,"href":"https:\/\/vurtsid.ee\/et\/wp-json\/wp\/v2\/product_brand?post=10394"},{"taxonomy":"product_cat","embeddable":true,"href":"https:\/\/vurtsid.ee\/et\/wp-json\/wp\/v2\/product_cat?post=10394"},{"taxonomy":"product_tag","embeddable":true,"href":"https:\/\/vurtsid.ee\/et\/wp-json\/wp\/v2\/product_tag?post=10394"}],"curies":[{"name":"wp","href":"https:\/\/api.w.org\/{rel}","templated":true}]}}