{"id":10401,"date":"2023-04-25T06:37:36","date_gmt":"2023-04-25T06:37:36","guid":{"rendered":"https:\/\/vurtsid.ee\/?post_type=product&#038;p=10401"},"modified":"2026-03-26T05:18:21","modified_gmt":"2026-03-26T05:18:21","slug":"sibulapulber-50g-2-2","status":"publish","type":"product","link":"https:\/\/vurtsid.ee\/et\/toode\/sibulapulber-50g-2-2\/","title":{"rendered":"Sibulapulber 50g"},"content":{"rendered":"","protected":false},"excerpt":{"rendered":"<p>Sibulapulber on valmistatud kuivatatud granuleeritud sibulast, mist\u00f5ttu seguneb toiduga h\u00e4sti ja kiiresti. Kasutatakse nagu v\u00e4rsket sibulat erinevate liha- ja aedviljatoitude, salatite, vormiroogade ja pitsade maitsestamiseks.<\/p>\n","protected":false},"featured_media":29316,"template":"","meta":{"_monsterinsights_skip_tracking":false,"_monsterinsights_sitenote_active":false,"_monsterinsights_sitenote_note":"","_monsterinsights_sitenote_category":0,"_uf_show_specific_survey":0,"_uf_disable_surveys":false},"product_brand":[],"product_cat":[94],"product_tag":[],"class_list":{"0":"post-10401","1":"product","2":"type-product","3":"status-publish","4":"has-post-thumbnail","6":"product_cat-puhtad-maitseained","8":"first","9":"instock","10":"taxable","11":"shipping-taxable","12":"purchasable","13":"product-type-simple"},"aioseo_notices":[],"_links":{"self":[{"href":"https:\/\/vurtsid.ee\/et\/wp-json\/wp\/v2\/product\/10401","targetHints":{"allow":["GET"]}}],"collection":[{"href":"https:\/\/vurtsid.ee\/et\/wp-json\/wp\/v2\/product"}],"about":[{"href":"https:\/\/vurtsid.ee\/et\/wp-json\/wp\/v2\/types\/product"}],"version-history":[{"count":1,"href":"https:\/\/vurtsid.ee\/et\/wp-json\/wp\/v2\/product\/10401\/revisions"}],"predecessor-version":[{"id":29156,"href":"https:\/\/vurtsid.ee\/et\/wp-json\/wp\/v2\/product\/10401\/revisions\/29156"}],"wp:featuredmedia":[{"embeddable":true,"href":"https:\/\/vurtsid.ee\/et\/wp-json\/wp\/v2\/media\/29316"}],"wp:attachment":[{"href":"https:\/\/vurtsid.ee\/et\/wp-json\/wp\/v2\/media?parent=10401"}],"wp:term":[{"taxonomy":"product_brand","embeddable":true,"href":"https:\/\/vurtsid.ee\/et\/wp-json\/wp\/v2\/product_brand?post=10401"},{"taxonomy":"product_cat","embeddable":true,"href":"https:\/\/vurtsid.ee\/et\/wp-json\/wp\/v2\/product_cat?post=10401"},{"taxonomy":"product_tag","embeddable":true,"href":"https:\/\/vurtsid.ee\/et\/wp-json\/wp\/v2\/product_tag?post=10401"}],"curies":[{"name":"wp","href":"https:\/\/api.w.org\/{rel}","templated":true}]}}