{"id":10404,"date":"2023-04-25T06:37:36","date_gmt":"2023-04-25T06:37:36","guid":{"rendered":"https:\/\/vurtsid.ee\/?post_type=product&#038;p=10404"},"modified":"2026-03-03T12:54:11","modified_gmt":"2026-03-03T12:54:11","slug":"sumahh-50g-2-2","status":"publish","type":"product","link":"https:\/\/vurtsid.ee\/et\/toode\/sumahh-50g-2-2\/","title":{"rendered":"Sumahh 50g"},"content":{"rendered":"<p>&nbsp;<\/p>\n<p><!--WPRM Recipe 15822--><\/p>\n<div class=\"wprm-fallback-recipe\">\n<h2 class=\"wprm-fallback-recipe-name\">Grillitud kana sumahh&#8217;iga<\/h2>\n<p>\t<img decoding=\"async\" class=\"wprm-fallback-recipe-image\" src=\"https:\/\/vurtsid.ee\/wp-content\/uploads\/2024\/04\/kana_sumahhiga-1-150x150.png\"\/>\t<\/p>\n<p class=\"wprm-fallback-recipe-summary\">\n<p>Sumahh on maitseaine, mis on p\u00e4rit Vahemere piirkonnast, eriti populaarne on see L\u00e4his-Ida k\u00f6\u00f6gis. Sumahh on valmistatud purustatud sumahh-puuvilja marjadest, mis kuivatatakse ja jahvatatakse peeneks pulbriks. Sumahh&#039;i maitse on hapukas ja veidi sidrunine, millele lisandub kerge v\u00fcrtsikus. See annab roogadele mahedalt happelise ja v\u00e4rskendava maitse ning seda kasutatakse salatites, kana-, kala- ja liharoogade maitsestamisel. Lisaks maitsele lisab sumahh ka toitudele kaunist v\u00e4rvi.<\/p>\n<\/p>\n<div class=\"wprm-fallback-recipe-equipment\">\n\t\t\t<\/div>\n<div class=\"wprm-fallback-recipe-ingredients\">\n\t\t\t<\/div>\n<div class=\"wprm-fallback-recipe-instructions\">\n\t\t\t<\/div>\n<div class=\"wprm-fallback-recipe-notes\">\n<ul>\n<li>Koostisosad:\n<ul>\n<li>4 kana rinnafileed<\/li>\n<li>2 spl oliivi\u00f5li<\/li>\n<li>2 spl sumahh&#8217;i<\/li>\n<li>1 tl soola<\/li>\n<li>1 tl pipart<\/li>\n<\/ul>\n<\/li>\n<li>Juhised:\n<ol>\n<li>Sega kana rinnafileed oliivi\u00f5liga<\/li>\n<li>Sega kokku sumahh, sool ja pipar ning h\u00f5\u00f5ru segu kanafileedele.<\/li>\n<li>Lase kanal marineerida v\u00e4hemalt 30 minutit.<\/li>\n<li>K\u00fcpseta grillil keskmisel kuumusel umbes 6\u20138 minutit m\u00f5lemalt poolt v\u00f5i kuni kana on t\u00e4ielikult k\u00fcpsenud.\u00a0<\/li>\n<\/ol>\n<\/li>\n<\/ul><\/div>\n<div class=\"wprm-fallback-recipe-meta\">\n<div class=\"wprm-fallback-recipe-meta-course\">Kana<\/div>\n<\/p><\/div>\n<\/div>\n<p><!--End WPRM Recipe--><\/p>\n","protected":false},"excerpt":{"rendered":"<p>Maitseaine on magushapuka ja pikantse aroomi ning maitsega, mis on saadud \u00e4\u00e4dikapuu kuivatatud ja purustatud viljadest. Sumahh annab toitudele hapuka ning \u00f5rnalt v\u00fcrtsika maitse. Kasutatakse salatite, kebabide, suppide, jookide, veinide ja pirukat\u00e4idiste maitsestamiseks<\/p>\n","protected":false},"featured_media":0,"template":"","meta":{"_monsterinsights_skip_tracking":false,"_monsterinsights_sitenote_active":false,"_monsterinsights_sitenote_note":"","_monsterinsights_sitenote_category":0,"_uf_show_specific_survey":0,"_uf_disable_surveys":false},"product_brand":[],"product_cat":[94],"product_tag":[],"class_list":{"0":"post-10404","1":"product","2":"type-product","3":"status-publish","5":"product_cat-puhtad-maitseained","7":"first","8":"instock","9":"taxable","10":"shipping-taxable","11":"purchasable","12":"product-type-simple"},"aioseo_notices":[],"_links":{"self":[{"href":"https:\/\/vurtsid.ee\/et\/wp-json\/wp\/v2\/product\/10404","targetHints":{"allow":["GET"]}}],"collection":[{"href":"https:\/\/vurtsid.ee\/et\/wp-json\/wp\/v2\/product"}],"about":[{"href":"https:\/\/vurtsid.ee\/et\/wp-json\/wp\/v2\/types\/product"}],"version-history":[{"count":1,"href":"https:\/\/vurtsid.ee\/et\/wp-json\/wp\/v2\/product\/10404\/revisions"}],"predecessor-version":[{"id":29158,"href":"https:\/\/vurtsid.ee\/et\/wp-json\/wp\/v2\/product\/10404\/revisions\/29158"}],"wp:attachment":[{"href":"https:\/\/vurtsid.ee\/et\/wp-json\/wp\/v2\/media?parent=10404"}],"wp:term":[{"taxonomy":"product_brand","embeddable":true,"href":"https:\/\/vurtsid.ee\/et\/wp-json\/wp\/v2\/product_brand?post=10404"},{"taxonomy":"product_cat","embeddable":true,"href":"https:\/\/vurtsid.ee\/et\/wp-json\/wp\/v2\/product_cat?post=10404"},{"taxonomy":"product_tag","embeddable":true,"href":"https:\/\/vurtsid.ee\/et\/wp-json\/wp\/v2\/product_tag?post=10404"}],"curies":[{"name":"wp","href":"https:\/\/api.w.org\/{rel}","templated":true}]}}