{"id":10409,"date":"2023-04-25T06:37:37","date_gmt":"2023-04-25T06:37:37","guid":{"rendered":"https:\/\/vurtsid.ee\/?post_type=product&#038;p=10409"},"modified":"2026-03-22T10:41:44","modified_gmt":"2026-03-22T10:41:44","slug":"himaalaja-sool-80g-2-2","status":"publish","type":"product","link":"https:\/\/vurtsid.ee\/et\/toode\/himaalaja-sool-80g-2-2\/","title":{"rendered":"Himaalaja sool 80g"},"content":{"rendered":"","protected":false},"excerpt":{"rendered":"<p>Himaalaja roosa sool on rohkem kui 250 miljoni aasta eest ladestunud kristallsool, mis sisaldab enam kui 82 inimkehale vajalikku looduslikku mineraali. Heleroosa v\u00e4rv tuleneb soola suurest mineraalainesisaldusest (raud, kaalium, magneesium jt), mis on oluline tervise tagamiseks. 100% loodustoode. Keemiliselt t\u00f6\u00f6tlemata, ei sisalda s\u00fcnteetilisi lisaaineid.<\/p>\n","protected":false},"featured_media":29909,"template":"","meta":{"_monsterinsights_skip_tracking":false,"_monsterinsights_sitenote_active":false,"_monsterinsights_sitenote_note":"","_monsterinsights_sitenote_category":0,"_uf_show_specific_survey":0,"_uf_disable_surveys":false},"product_brand":[],"product_cat":[108,94],"product_tag":[],"class_list":{"0":"post-10409","1":"product","2":"type-product","3":"status-publish","4":"has-post-thumbnail","6":"product_cat-maitsesoolad","7":"product_cat-puhtad-maitseained","9":"first","10":"instock","11":"taxable","12":"shipping-taxable","13":"purchasable","14":"product-type-simple"},"aioseo_notices":[],"_links":{"self":[{"href":"https:\/\/vurtsid.ee\/et\/wp-json\/wp\/v2\/product\/10409","targetHints":{"allow":["GET"]}}],"collection":[{"href":"https:\/\/vurtsid.ee\/et\/wp-json\/wp\/v2\/product"}],"about":[{"href":"https:\/\/vurtsid.ee\/et\/wp-json\/wp\/v2\/types\/product"}],"version-history":[{"count":1,"href":"https:\/\/vurtsid.ee\/et\/wp-json\/wp\/v2\/product\/10409\/revisions"}],"predecessor-version":[{"id":29161,"href":"https:\/\/vurtsid.ee\/et\/wp-json\/wp\/v2\/product\/10409\/revisions\/29161"}],"wp:featuredmedia":[{"embeddable":true,"href":"https:\/\/vurtsid.ee\/et\/wp-json\/wp\/v2\/media\/29909"}],"wp:attachment":[{"href":"https:\/\/vurtsid.ee\/et\/wp-json\/wp\/v2\/media?parent=10409"}],"wp:term":[{"taxonomy":"product_brand","embeddable":true,"href":"https:\/\/vurtsid.ee\/et\/wp-json\/wp\/v2\/product_brand?post=10409"},{"taxonomy":"product_cat","embeddable":true,"href":"https:\/\/vurtsid.ee\/et\/wp-json\/wp\/v2\/product_cat?post=10409"},{"taxonomy":"product_tag","embeddable":true,"href":"https:\/\/vurtsid.ee\/et\/wp-json\/wp\/v2\/product_tag?post=10409"}],"curies":[{"name":"wp","href":"https:\/\/api.w.org\/{rel}","templated":true}]}}