{"id":10415,"date":"2023-04-25T06:37:37","date_gmt":"2023-04-25T06:37:37","guid":{"rendered":"https:\/\/vurtsid.ee\/?post_type=product&#038;p=10415"},"modified":"2026-03-11T05:26:52","modified_gmt":"2026-03-11T05:26:52","slug":"sidrunisool-80g-2-2","status":"publish","type":"product","link":"https:\/\/vurtsid.ee\/et\/toode\/sidrunisool-80g-2-2\/","title":{"rendered":"Sidrunisool 80g"},"content":{"rendered":"","protected":false},"excerpt":{"rendered":"<div class=\"short-description\">Sidrunisool annab ahjus v\u00f5i grillil valmistatud kalale imelise sidruniaroomi, kuid s\u00e4ilitab kala h\u00f5rgu maitse.<\/div>\n<div class=\"short-description\">Koostisosad: Himaalaja sool, sidrunikoor, valge pipar, till.<\/div>\n","protected":false},"featured_media":29318,"template":"","meta":{"_monsterinsights_skip_tracking":false,"_monsterinsights_sitenote_active":false,"_monsterinsights_sitenote_note":"","_monsterinsights_sitenote_category":0,"_uf_show_specific_survey":0,"_uf_disable_surveys":false},"product_brand":[],"product_cat":[108],"product_tag":[],"class_list":{"0":"post-10415","1":"product","2":"type-product","3":"status-publish","4":"has-post-thumbnail","6":"product_cat-maitsesoolad","8":"first","9":"instock","10":"sale","11":"taxable","12":"shipping-taxable","13":"purchasable","14":"product-type-simple"},"aioseo_notices":[],"_links":{"self":[{"href":"https:\/\/vurtsid.ee\/et\/wp-json\/wp\/v2\/product\/10415","targetHints":{"allow":["GET"]}}],"collection":[{"href":"https:\/\/vurtsid.ee\/et\/wp-json\/wp\/v2\/product"}],"about":[{"href":"https:\/\/vurtsid.ee\/et\/wp-json\/wp\/v2\/types\/product"}],"version-history":[{"count":1,"href":"https:\/\/vurtsid.ee\/et\/wp-json\/wp\/v2\/product\/10415\/revisions"}],"predecessor-version":[{"id":29166,"href":"https:\/\/vurtsid.ee\/et\/wp-json\/wp\/v2\/product\/10415\/revisions\/29166"}],"wp:featuredmedia":[{"embeddable":true,"href":"https:\/\/vurtsid.ee\/et\/wp-json\/wp\/v2\/media\/29318"}],"wp:attachment":[{"href":"https:\/\/vurtsid.ee\/et\/wp-json\/wp\/v2\/media?parent=10415"}],"wp:term":[{"taxonomy":"product_brand","embeddable":true,"href":"https:\/\/vurtsid.ee\/et\/wp-json\/wp\/v2\/product_brand?post=10415"},{"taxonomy":"product_cat","embeddable":true,"href":"https:\/\/vurtsid.ee\/et\/wp-json\/wp\/v2\/product_cat?post=10415"},{"taxonomy":"product_tag","embeddable":true,"href":"https:\/\/vurtsid.ee\/et\/wp-json\/wp\/v2\/product_tag?post=10415"}],"curies":[{"name":"wp","href":"https:\/\/api.w.org\/{rel}","templated":true}]}}