{"id":10422,"date":"2023-04-25T06:37:37","date_gmt":"2023-04-25T06:37:37","guid":{"rendered":"https:\/\/vurtsid.ee\/?post_type=product&#038;p=10422"},"modified":"2026-03-03T12:54:20","modified_gmt":"2026-03-03T12:54:20","slug":"maitseainesegu-aedviljadele-200g-2","status":"publish","type":"product","link":"https:\/\/vurtsid.ee\/et\/toode\/maitseainesegu-aedviljadele-200g-2\/","title":{"rendered":"Maitseainesegu aedviljadele 200g"},"content":{"rendered":"","protected":false},"excerpt":{"rendered":"<div class=\"short-description\"><span style=\"vertical-align: inherit;\">Segu, kus omavahel on segatud erinevad maitseained annab aedvilja toidule v\u00e4ga isu\u00e4ratava maitse.<\/span><\/div>\n<div class=\"short-description\"><span style=\"vertical-align: inherit;\">Koostisosad: r\u00f6stitud sibul, k\u00fc\u00fcslauk, sinepiseemned, petersell, t\u00fc\u00fcmian, must pipar, meresool, loorber.<\/span><\/div>\n","protected":false},"featured_media":0,"template":"","meta":{"_monsterinsights_skip_tracking":false,"_monsterinsights_sitenote_active":false,"_monsterinsights_sitenote_note":"","_monsterinsights_sitenote_category":0,"_uf_show_specific_survey":0,"_uf_disable_surveys":false},"product_brand":[],"product_cat":[86,100],"product_tag":[],"class_list":{"0":"post-10422","1":"product","2":"type-product","3":"status-publish","5":"product_cat-maitseainesegud","6":"product_cat-taimetoidud","8":"first","9":"instock","10":"taxable","11":"shipping-taxable","12":"purchasable","13":"product-type-simple"},"aioseo_notices":[],"_links":{"self":[{"href":"https:\/\/vurtsid.ee\/et\/wp-json\/wp\/v2\/product\/10422","targetHints":{"allow":["GET"]}}],"collection":[{"href":"https:\/\/vurtsid.ee\/et\/wp-json\/wp\/v2\/product"}],"about":[{"href":"https:\/\/vurtsid.ee\/et\/wp-json\/wp\/v2\/types\/product"}],"version-history":[{"count":1,"href":"https:\/\/vurtsid.ee\/et\/wp-json\/wp\/v2\/product\/10422\/revisions"}],"predecessor-version":[{"id":29172,"href":"https:\/\/vurtsid.ee\/et\/wp-json\/wp\/v2\/product\/10422\/revisions\/29172"}],"wp:attachment":[{"href":"https:\/\/vurtsid.ee\/et\/wp-json\/wp\/v2\/media?parent=10422"}],"wp:term":[{"taxonomy":"product_brand","embeddable":true,"href":"https:\/\/vurtsid.ee\/et\/wp-json\/wp\/v2\/product_brand?post=10422"},{"taxonomy":"product_cat","embeddable":true,"href":"https:\/\/vurtsid.ee\/et\/wp-json\/wp\/v2\/product_cat?post=10422"},{"taxonomy":"product_tag","embeddable":true,"href":"https:\/\/vurtsid.ee\/et\/wp-json\/wp\/v2\/product_tag?post=10422"}],"curies":[{"name":"wp","href":"https:\/\/api.w.org\/{rel}","templated":true}]}}