{"id":10424,"date":"2023-04-25T06:37:46","date_gmt":"2023-04-25T06:37:46","guid":{"rendered":"https:\/\/vurtsid.ee\/?post_type=product&#038;p=10424"},"modified":"2026-03-15T07:47:06","modified_gmt":"2026-03-15T07:47:06","slug":"vahemere-honguline-maitsesool-240g-2","status":"publish","type":"product","link":"https:\/\/vurtsid.ee\/et\/toode\/vahemere-honguline-maitsesool-240g-2\/","title":{"rendered":"Vahemere h\u00f5nguline maitsesool 240g"},"content":{"rendered":"<p data-start=\"474\" data-end=\"582\"><strong data-start=\"474\" data-end=\"507\">Vahemere h\u00f5nguline maitsesool<\/strong> toob sinu k\u00f6\u00f6ki p\u00e4ikeselise Vahemere maitse. See maitsesegusti sisaldab:<\/p>\n<ul data-start=\"583\" data-end=\"846\">\n<li data-section-id=\"xg6a3t\" data-start=\"583\" data-end=\"644\">\n<p data-start=\"585\" data-end=\"644\"><strong data-start=\"585\" data-end=\"598\">Meresoola<\/strong> \u2013 naturaalne alus, mis toidule maitse lisab<\/p>\n<\/li>\n<li data-section-id=\"1bvijdz\" data-start=\"645\" data-end=\"693\">\n<p data-start=\"647\" data-end=\"693\"><strong data-start=\"647\" data-end=\"659\">K\u00fc\u00fcslauk<\/strong> \u2013 aromaatne ja v\u00fcrtsikas n\u00fcanss<\/p>\n<\/li>\n<li data-section-id=\"vd9ita\" data-start=\"694\" data-end=\"737\">\n<p data-start=\"696\" data-end=\"737\"><strong data-start=\"696\" data-end=\"712\">Tomatihelbed<\/strong> \u2013 magusalt h\u00f5rk lisand<\/p>\n<\/li>\n<li data-section-id=\"dr0nuu\" data-start=\"738\" data-end=\"809\">\n<p data-start=\"740\" data-end=\"809\"><strong data-start=\"740\" data-end=\"760\">Till ja basiilik<\/strong> \u2013 klassikaline Vahemere maitsete kombinatsioon<\/p>\n<\/li>\n<li data-section-id=\"1snfunv\" data-start=\"810\" data-end=\"846\">\n<p data-start=\"812\" data-end=\"846\"><strong data-start=\"812\" data-end=\"826\">Must pipar<\/strong> \u2013 kerge v\u00fcrtsikus<\/p>\n<\/li>\n<\/ul>\n<h3 data-section-id=\"8otz54\" data-start=\"848\" data-end=\"867\">Kus kasutada?<\/h3>\n<ul data-start=\"868\" data-end=\"1088\">\n<li data-section-id=\"t0a3m5\" data-start=\"868\" data-end=\"957\">\n<p data-start=\"870\" data-end=\"957\"><strong data-start=\"870\" data-end=\"895\">Omletid ja munaroogad<\/strong> \u2013 lisa v\u00e4ike n\u00e4puotsat\u00e4is, et muuta hommikus\u00f6\u00f6k aromaatseks<\/p>\n<\/li>\n<li data-section-id=\"mrme7h\" data-start=\"958\" data-end=\"1010\">\n<p data-start=\"960\" data-end=\"1010\"><strong data-start=\"960\" data-end=\"980\">Pasta ja risotod<\/strong> \u2013 rikastab kastmete maitset<\/p>\n<\/li>\n<li data-section-id=\"1xod9zn\" data-start=\"1011\" data-end=\"1088\">\n<p data-start=\"1013\" data-end=\"1088\"><strong data-start=\"1013\" data-end=\"1023\">Pitsad<\/strong> \u2013 puista peale enne k\u00fcpsetamist v\u00f5i vahetult enne serveerimist<\/p>\n<\/li>\n<\/ul>\n<h3 data-section-id=\"bxefds\" data-start=\"1090\" data-end=\"1138\">Miks valida Vahemere h\u00f5nguline maitsesool?<\/h3>\n<ul data-start=\"1139\" data-end=\"1287\">\n<li data-section-id=\"1dbrlnr\" data-start=\"1139\" data-end=\"1184\">\n<p data-start=\"1141\" data-end=\"1184\">Loob toidule <strong data-start=\"1154\" data-end=\"1182\">autentse Vahemere maitse<\/strong><\/p>\n<\/li>\n<li data-section-id=\"8ozspn\" data-start=\"1185\" data-end=\"1234\">\n<p data-start=\"1187\" data-end=\"1234\">Sobib ideaalselt igap\u00e4evaseks maitsestamiseks<\/p>\n<\/li>\n<li data-section-id=\"14ups3c\" data-start=\"1235\" data-end=\"1287\">\n<p data-start=\"1237\" data-end=\"1287\"><strong data-start=\"1237\" data-end=\"1258\">Kergesti kasutada<\/strong> ja t\u00e4iustab k\u00f5iki roogasid<\/p>\n<\/li>\n<\/ul>\n<p data-start=\"1289\" data-end=\"1367\">Too oma roogadesse p\u00e4ikeseline Vahemere maitse ja lisa maitsesool juba t\u00e4na!<\/p>\n","protected":false},"excerpt":{"rendered":"<div class=\"short-description\">See Vahemere-\u00e4\u00e4rseid p\u00e4ikesest pakatavaid maitsetaimi ja magusalt h\u00f5rke tomatihelbeid sisaldav sool sobib suurep\u00e4raselt omleti, pasta ja pitsa maitsestamiseks.<\/div>\n<div class=\"short-description\">Koostisosad: meresool, k\u00fc\u00fcslauk, tomatihelbed, till, basiilik, must pipar.<\/div>\n","protected":false},"featured_media":29336,"template":"","meta":{"_monsterinsights_skip_tracking":false,"_monsterinsights_sitenote_active":false,"_monsterinsights_sitenote_note":"","_monsterinsights_sitenote_category":0,"_uf_show_specific_survey":0,"_uf_disable_surveys":false},"product_brand":[],"product_cat":[108,116],"product_tag":[],"class_list":{"0":"post-10424","1":"product","2":"type-product","3":"status-publish","4":"has-post-thumbnail","6":"product_cat-maitsesoolad","7":"product_cat-osta-suurelt","9":"first","10":"instock","11":"taxable","12":"shipping-taxable","13":"purchasable","14":"product-type-simple"},"aioseo_notices":[],"_links":{"self":[{"href":"https:\/\/vurtsid.ee\/et\/wp-json\/wp\/v2\/product\/10424","targetHints":{"allow":["GET"]}}],"collection":[{"href":"https:\/\/vurtsid.ee\/et\/wp-json\/wp\/v2\/product"}],"about":[{"href":"https:\/\/vurtsid.ee\/et\/wp-json\/wp\/v2\/types\/product"}],"version-history":[{"count":3,"href":"https:\/\/vurtsid.ee\/et\/wp-json\/wp\/v2\/product\/10424\/revisions"}],"predecessor-version":[{"id":29845,"href":"https:\/\/vurtsid.ee\/et\/wp-json\/wp\/v2\/product\/10424\/revisions\/29845"}],"wp:featuredmedia":[{"embeddable":true,"href":"https:\/\/vurtsid.ee\/et\/wp-json\/wp\/v2\/media\/29336"}],"wp:attachment":[{"href":"https:\/\/vurtsid.ee\/et\/wp-json\/wp\/v2\/media?parent=10424"}],"wp:term":[{"taxonomy":"product_brand","embeddable":true,"href":"https:\/\/vurtsid.ee\/et\/wp-json\/wp\/v2\/product_brand?post=10424"},{"taxonomy":"product_cat","embeddable":true,"href":"https:\/\/vurtsid.ee\/et\/wp-json\/wp\/v2\/product_cat?post=10424"},{"taxonomy":"product_tag","embeddable":true,"href":"https:\/\/vurtsid.ee\/et\/wp-json\/wp\/v2\/product_tag?post=10424"}],"curies":[{"name":"wp","href":"https:\/\/api.w.org\/{rel}","templated":true}]}}