{"id":10429,"date":"2023-04-25T06:37:46","date_gmt":"2023-04-25T06:37:46","guid":{"rendered":"https:\/\/vurtsid.ee\/?post_type=product&#038;p=10429"},"modified":"2026-03-22T12:47:12","modified_gmt":"2026-03-22T12:47:12","slug":"tzatziki-vurtsisegu-50g-3","status":"publish","type":"product","link":"https:\/\/vurtsid.ee\/et\/toode\/tzatziki-vurtsisegu-50g-3\/","title":{"rendered":"Tzatziki v\u00fcrtsisegu 50g"},"content":{"rendered":"","protected":false},"excerpt":{"rendered":"<p>Tzatzik on Kreekap\u00e4rane maitsesegu, mida v\u00f5ib kasutada dipikastmes, liha ja kalaroogade k\u00f5rvale pakutavate k\u00fclmade kastmete maitsestamiseks.<\/p>\n<p>Koostisosad: sool, till, sibul, k\u00fc\u00fcslauk<\/p>\n","protected":false},"featured_media":29490,"template":"","meta":{"_monsterinsights_skip_tracking":false,"_monsterinsights_sitenote_active":false,"_monsterinsights_sitenote_note":"","_monsterinsights_sitenote_category":0,"_uf_show_specific_survey":0,"_uf_disable_surveys":false},"product_brand":[],"product_cat":[117,87,86],"product_tag":[],"class_list":{"0":"post-10429","1":"product","2":"type-product","3":"status-publish","4":"has-post-thumbnail","6":"product_cat-kreeka","7":"product_cat-maailma-maitsed","8":"product_cat-maitseainesegud","10":"first","11":"instock","12":"taxable","13":"shipping-taxable","14":"purchasable","15":"product-type-simple"},"aioseo_notices":[],"_links":{"self":[{"href":"https:\/\/vurtsid.ee\/et\/wp-json\/wp\/v2\/product\/10429","targetHints":{"allow":["GET"]}}],"collection":[{"href":"https:\/\/vurtsid.ee\/et\/wp-json\/wp\/v2\/product"}],"about":[{"href":"https:\/\/vurtsid.ee\/et\/wp-json\/wp\/v2\/types\/product"}],"version-history":[{"count":2,"href":"https:\/\/vurtsid.ee\/et\/wp-json\/wp\/v2\/product\/10429\/revisions"}],"predecessor-version":[{"id":29965,"href":"https:\/\/vurtsid.ee\/et\/wp-json\/wp\/v2\/product\/10429\/revisions\/29965"}],"wp:featuredmedia":[{"embeddable":true,"href":"https:\/\/vurtsid.ee\/et\/wp-json\/wp\/v2\/media\/29490"}],"wp:attachment":[{"href":"https:\/\/vurtsid.ee\/et\/wp-json\/wp\/v2\/media?parent=10429"}],"wp:term":[{"taxonomy":"product_brand","embeddable":true,"href":"https:\/\/vurtsid.ee\/et\/wp-json\/wp\/v2\/product_brand?post=10429"},{"taxonomy":"product_cat","embeddable":true,"href":"https:\/\/vurtsid.ee\/et\/wp-json\/wp\/v2\/product_cat?post=10429"},{"taxonomy":"product_tag","embeddable":true,"href":"https:\/\/vurtsid.ee\/et\/wp-json\/wp\/v2\/product_tag?post=10429"}],"curies":[{"name":"wp","href":"https:\/\/api.w.org\/{rel}","templated":true}]}}