{"id":10440,"date":"2023-04-25T06:37:47","date_gmt":"2023-04-25T06:37:47","guid":{"rendered":"https:\/\/vurtsid.ee\/?post_type=product&#038;p=10440"},"modified":"2026-03-26T05:18:21","modified_gmt":"2026-03-26T05:18:21","slug":"fenkoliseemned-40g-2","status":"publish","type":"product","link":"https:\/\/vurtsid.ee\/et\/toode\/fenkoliseemned-40g-2\/","title":{"rendered":"Fenkoliseemned 40g"},"content":{"rendered":"","protected":false},"excerpt":{"rendered":"<p>Fenkoliseemned ehk apteegitilliseemned teeb eriliseks aniisi- ja lagritsal\u00f5hn ja maitse. Kasutatakse tervelt v\u00f5i jahvatatult k\u00fcpsetistes ja maiustustes, linnu- ja sealiha ning kala maitsestamisel, samuti ka herne-, oa-, muna-, juustu-, kapsa- ja kaalikatoitude maitsestamiseks.<\/p>\n","protected":false},"featured_media":29355,"template":"","meta":{"_monsterinsights_skip_tracking":false,"_monsterinsights_sitenote_active":false,"_monsterinsights_sitenote_note":"","_monsterinsights_sitenote_category":0,"_uf_show_specific_survey":0,"_uf_disable_surveys":false},"product_brand":[],"product_cat":[94],"product_tag":[],"class_list":{"0":"post-10440","1":"product","2":"type-product","3":"status-publish","4":"has-post-thumbnail","6":"product_cat-puhtad-maitseained","8":"first","9":"instock","10":"taxable","11":"shipping-taxable","12":"purchasable","13":"product-type-simple"},"aioseo_notices":[],"_links":{"self":[{"href":"https:\/\/vurtsid.ee\/et\/wp-json\/wp\/v2\/product\/10440","targetHints":{"allow":["GET"]}}],"collection":[{"href":"https:\/\/vurtsid.ee\/et\/wp-json\/wp\/v2\/product"}],"about":[{"href":"https:\/\/vurtsid.ee\/et\/wp-json\/wp\/v2\/types\/product"}],"version-history":[{"count":1,"href":"https:\/\/vurtsid.ee\/et\/wp-json\/wp\/v2\/product\/10440\/revisions"}],"predecessor-version":[{"id":29180,"href":"https:\/\/vurtsid.ee\/et\/wp-json\/wp\/v2\/product\/10440\/revisions\/29180"}],"wp:featuredmedia":[{"embeddable":true,"href":"https:\/\/vurtsid.ee\/et\/wp-json\/wp\/v2\/media\/29355"}],"wp:attachment":[{"href":"https:\/\/vurtsid.ee\/et\/wp-json\/wp\/v2\/media?parent=10440"}],"wp:term":[{"taxonomy":"product_brand","embeddable":true,"href":"https:\/\/vurtsid.ee\/et\/wp-json\/wp\/v2\/product_brand?post=10440"},{"taxonomy":"product_cat","embeddable":true,"href":"https:\/\/vurtsid.ee\/et\/wp-json\/wp\/v2\/product_cat?post=10440"},{"taxonomy":"product_tag","embeddable":true,"href":"https:\/\/vurtsid.ee\/et\/wp-json\/wp\/v2\/product_tag?post=10440"}],"curies":[{"name":"wp","href":"https:\/\/api.w.org\/{rel}","templated":true}]}}